{"id":1438,"date":"2025-03-15T11:52:38","date_gmt":"2025-03-15T10:52:38","guid":{"rendered":"https:\/\/ludivinecommunicationanimale.com\/?page_id=1438"},"modified":"2025-12-06T16:48:30","modified_gmt":"2025-12-06T15:48:30","slug":"qui-suis-je","status":"publish","type":"page","link":"https:\/\/ludivinecommunicationanimale.com\/en\/qui-suis-je\/","title":{"rendered":"Qui suis-je ?"},"content":{"rendered":"<div data-elementor-type=\"wp-page\" data-elementor-id=\"1438\" class=\"elementor elementor-1438\" data-elementor-post-type=\"page\">\n\t\t\t\t\t\t<section class=\"elementor-section elementor-top-section elementor-element elementor-element-7f1a74e elementor-section-height-min-height elementor-section-boxed elementor-section-height-default elementor-section-items-middle\" data-id=\"7f1a74e\" data-element_type=\"section\" data-e-type=\"section\" data-settings=\"{&quot;background_background&quot;:&quot;classic&quot;}\">\n\t\t\t\t\t\t\t<div class=\"elementor-background-overlay\"><\/div>\n\t\t\t\t\t\t\t<div class=\"elementor-container elementor-column-gap-default\">\n\t\t\t\t\t<div class=\"elementor-column elementor-col-100 elementor-top-column elementor-element elementor-element-4f7ca50\" data-id=\"4f7ca50\" data-element_type=\"column\" data-e-type=\"column\">\n\t\t\t<div class=\"elementor-widget-wrap elementor-element-populated\">\n\t\t\t\t\t\t<div class=\"elementor-element elementor-element-a81f173 elementor-widget elementor-widget-heading\" data-id=\"a81f173\" data-element_type=\"widget\" data-e-type=\"widget\" data-widget_type=\"heading.default\">\n\t\t\t\t<div class=\"elementor-widget-container\">\n\t\t\t\t\t<h1 class=\"elementor-heading-title elementor-size-default\">Qui suis-je ?<\/h1>\t\t\t\t<\/div>\n\t\t\t\t<\/div>\n\t\t\t\t\t<\/div>\n\t\t<\/div>\n\t\t\t\t\t<\/div>\n\t\t<\/section>\n\t\t\t\t<section class=\"elementor-section elementor-top-section elementor-element elementor-element-2c1dfd8 elementor-section-content-middle elementor-section-boxed elementor-section-height-default elementor-section-height-default\" data-id=\"2c1dfd8\" data-element_type=\"section\" data-e-type=\"section\">\n\t\t\t\t\t\t<div class=\"elementor-container elementor-column-gap-default\">\n\t\t\t\t\t<div class=\"elementor-column elementor-col-50 elementor-top-column elementor-element elementor-element-01122ab\" data-id=\"01122ab\" data-element_type=\"column\" data-e-type=\"column\">\n\t\t\t<div class=\"elementor-widget-wrap elementor-element-populated\">\n\t\t\t\t\t\t<div class=\"elementor-element elementor-element-a92a86d elementor-widget elementor-widget-heading\" data-id=\"a92a86d\" data-element_type=\"widget\" data-e-type=\"widget\" data-widget_type=\"heading.default\">\n\t\t\t\t<div class=\"elementor-widget-container\">\n\t\t\t\t\t<h3 class=\"elementor-heading-title elementor-size-default\">Ludivine Noel<\/h3>\t\t\t\t<\/div>\n\t\t\t\t<\/div>\n\t\t\t\t<div class=\"elementor-element elementor-element-7d6a38d elementor-widget elementor-widget-text-editor\" data-id=\"7d6a38d\" data-element_type=\"widget\" data-e-type=\"widget\" data-widget_type=\"text-editor.default\">\n\t\t\t\t<div class=\"elementor-widget-container\">\n\t\t\t\t\t\t\t\t\t<p>Depuis toujours, les chevaux sont au coeur de ma vie. Avant de me consacrer \u00e0 la communication animale, j\u2019ai travaill\u00e9 comme cavali\u00e8re maison et groom dans des \u00e9curies de commerce et de sport. Cette exp\u00e9rience m\u2019a permis d\u2019observer les chevaux au quotidien, de comprendre leur fonctionnement, leurs exigences physiques et mentales, mais aussi les attentes des cavaliers, qu\u2019ils soient professionnels ou amateurs passionn\u00e9s.<\/p><p>Aujourd\u2019hui, j\u2019allie cette connaissance du terrain \u00e0 la communication animale pour aider chaque cheval \u00e0 \u00e9voluer dans les meilleures conditions. Que ce soit pour lever un blocage, optimiser la pr\u00e9paration mentale d\u2019un comp\u00e9titeur, ou simplement mieux comprendre son cheval au quotidien, mon objectif est toujours le m\u00eame : renforcer la connexion entre l\u2019animal et l\u2019humain pour qu\u2019ils puissent avancer ensemble, en confiance et en harmonie.<\/p><p>Que tu sois cavalier amateur cherchant \u00e0 mieux comprendre ton cheval ou professionnel souhaitant affiner ta relation avec ton athl\u00e8te pour atteindre la performance dans le respect de son bien-\u00eatre, je t\u2019accompagne avec une approche fond\u00e9e sur l\u2019\u00e9coute, la pr\u00e9cision et la consid\u00e9ration du cheval en tant qu\u2019athl\u00e8te et \u00eatre sensible. J\u2019interviens aupr\u00e8s des cavaliers, entra\u00eeneurs et propri\u00e9taires pour optimiser la pr\u00e9paration des chevaux, lever les blocages invisibles et renforcer la connexion entre l\u2019animal et son partenaire humain. Car \u00e0 tous les niveaux, chaque d\u00e9tail compte, et une meilleure compr\u00e9hension fait souvent la diff\u00e9rence.<\/p>\t\t\t\t\t\t\t\t<\/div>\n\t\t\t\t<\/div>\n\t\t\t\t\t<\/div>\n\t\t<\/div>\n\t\t\t\t<div class=\"elementor-column elementor-col-50 elementor-top-column elementor-element elementor-element-8040bea\" data-id=\"8040bea\" data-element_type=\"column\" data-e-type=\"column\">\n\t\t\t<div class=\"elementor-widget-wrap elementor-element-populated\">\n\t\t\t\t\t\t<div class=\"elementor-element elementor-element-d3f33af elementor-widget elementor-widget-image\" data-id=\"d3f33af\" data-element_type=\"widget\" data-e-type=\"widget\" data-widget_type=\"image.default\">\n\t\t\t\t<div class=\"elementor-widget-container\">\n\t\t\t\t\t\t\t\t\t\t\t\t\t\t\t<img fetchpriority=\"high\" decoding=\"async\" width=\"1024\" height=\"1536\" src=\"https:\/\/ludivinecommunicationanimale.com\/wp-content\/uploads\/2025\/12\/IMG_7678-1024x1536.jpg\" class=\"attachment-1536x1536 size-1536x1536 wp-image-1948\" alt=\"Portrait de Ludivine Noel Communication animale\" srcset=\"https:\/\/ludivinecommunicationanimale.com\/wp-content\/uploads\/2025\/12\/IMG_7678-1024x1536.jpg 1024w, https:\/\/ludivinecommunicationanimale.com\/wp-content\/uploads\/2025\/12\/IMG_7678-200x300.jpg 200w, https:\/\/ludivinecommunicationanimale.com\/wp-content\/uploads\/2025\/12\/IMG_7678-683x1024.jpg 683w, https:\/\/ludivinecommunicationanimale.com\/wp-content\/uploads\/2025\/12\/IMG_7678-768x1152.jpg 768w, https:\/\/ludivinecommunicationanimale.com\/wp-content\/uploads\/2025\/12\/IMG_7678-1365x2048.jpg 1365w, https:\/\/ludivinecommunicationanimale.com\/wp-content\/uploads\/2025\/12\/IMG_7678-8x12.jpg 8w, https:\/\/ludivinecommunicationanimale.com\/wp-content\/uploads\/2025\/12\/IMG_7678-600x900.jpg 600w, https:\/\/ludivinecommunicationanimale.com\/wp-content\/uploads\/2025\/12\/IMG_7678.jpg 1600w\" sizes=\"(max-width: 1024px) 100vw, 1024px\" \/>\t\t\t\t\t\t\t\t\t\t\t\t\t\t\t<\/div>\n\t\t\t\t<\/div>\n\t\t\t\t\t<\/div>\n\t\t<\/div>\n\t\t\t\t\t<\/div>\n\t\t<\/section>\n\t\t\t\t<\/div>","protected":false},"excerpt":{"rendered":"<p>Ludivine Noel Depuis toujours, les chevaux sont au coeur de ma vie. Avant de me consacrer \u00e0 la communication animale, j\u2019ai travaill\u00e9 comme cavali\u00e8re maison et groom dans des \u00e9curies de commerce et de sport. Cette exp\u00e9rience m\u2019a permis d\u2019observer les chevaux au quotidien, de comprendre leur fonctionnement, leurs exigences physiques et mentales, mais aussi [&hellip;]<\/p>","protected":false},"author":1,"featured_media":0,"parent":0,"menu_order":0,"comment_status":"closed","ping_status":"closed","template":"elementor_header_footer","meta":{"footnotes":""},"class_list":["post-1438","page","type-page","status-publish","hentry"],"yoast_head":"<!-- This site is optimized with the Yoast SEO plugin v27.4 - https:\/\/yoast.com\/product\/yoast-seo-wordpress\/ -->\n<title>Qui suis-je ? - Ludivine No\u00ebl - Communication animale<\/title>\n<meta name=\"robots\" content=\"index, follow, max-snippet:-1, max-image-preview:large, max-video-preview:-1\" \/>\n<link rel=\"canonical\" href=\"https:\/\/ludivinecommunicationanimale.com\/en\/qui-suis-je\/\" \/>\n<meta property=\"og:locale\" content=\"en_GB\" \/>\n<meta property=\"og:type\" content=\"article\" \/>\n<meta property=\"og:title\" content=\"Qui suis-je ? - Ludivine No\u00ebl - Communication animale\" \/>\n<meta property=\"og:description\" content=\"Ludivine Noel Depuis toujours, les chevaux sont au coeur de ma vie. Avant de me consacrer \u00e0 la communication animale, j\u2019ai travaill\u00e9 comme cavali\u00e8re maison et groom dans des \u00e9curies de commerce et de sport. Cette exp\u00e9rience m\u2019a permis d\u2019observer les chevaux au quotidien, de comprendre leur fonctionnement, leurs exigences physiques et mentales, mais aussi [&hellip;]\" \/>\n<meta property=\"og:url\" content=\"https:\/\/ludivinecommunicationanimale.com\/en\/qui-suis-je\/\" \/>\n<meta property=\"og:site_name\" content=\"Ludivine No\u00ebl - Communication animale\" \/>\n<meta property=\"article:modified_time\" content=\"2025-12-06T15:48:30+00:00\" \/>\n<meta property=\"og:image\" content=\"https:\/\/ludivinecommunicationanimale.com\/wp-content\/uploads\/2025\/12\/IMG_7678.jpg\" \/>\n\t<meta property=\"og:image:width\" content=\"1600\" \/>\n\t<meta property=\"og:image:height\" content=\"2400\" \/>\n\t<meta property=\"og:image:type\" content=\"image\/jpeg\" \/>\n<meta name=\"twitter:card\" content=\"summary_large_image\" \/>\n<meta name=\"twitter:label1\" content=\"Estimated reading time\" \/>\n\t<meta name=\"twitter:data1\" content=\"2 minutes\" \/>\n<script type=\"application\/ld+json\" class=\"yoast-schema-graph\">{\"@context\":\"https:\\\/\\\/schema.org\",\"@graph\":[{\"@type\":\"WebPage\",\"@id\":\"https:\\\/\\\/ludivinecommunicationanimale.com\\\/qui-suis-je\\\/\",\"url\":\"https:\\\/\\\/ludivinecommunicationanimale.com\\\/qui-suis-je\\\/\",\"name\":\"Qui suis-je ? - Ludivine No\u00ebl - Communication animale\",\"isPartOf\":{\"@id\":\"https:\\\/\\\/ludivinecommunicationanimale.com\\\/#website\"},\"primaryImageOfPage\":{\"@id\":\"https:\\\/\\\/ludivinecommunicationanimale.com\\\/qui-suis-je\\\/#primaryimage\"},\"image\":{\"@id\":\"https:\\\/\\\/ludivinecommunicationanimale.com\\\/qui-suis-je\\\/#primaryimage\"},\"thumbnailUrl\":\"https:\\\/\\\/ludivinecommunicationanimale.com\\\/wp-content\\\/uploads\\\/2025\\\/12\\\/IMG_7678-1024x1536.jpg\",\"datePublished\":\"2025-03-15T10:52:38+00:00\",\"dateModified\":\"2025-12-06T15:48:30+00:00\",\"breadcrumb\":{\"@id\":\"https:\\\/\\\/ludivinecommunicationanimale.com\\\/qui-suis-je\\\/#breadcrumb\"},\"inLanguage\":\"en-GB\",\"potentialAction\":[{\"@type\":\"ReadAction\",\"target\":[\"https:\\\/\\\/ludivinecommunicationanimale.com\\\/qui-suis-je\\\/\"]}]},{\"@type\":\"ImageObject\",\"inLanguage\":\"en-GB\",\"@id\":\"https:\\\/\\\/ludivinecommunicationanimale.com\\\/qui-suis-je\\\/#primaryimage\",\"url\":\"https:\\\/\\\/ludivinecommunicationanimale.com\\\/wp-content\\\/uploads\\\/2025\\\/12\\\/IMG_7678-1024x1536.jpg\",\"contentUrl\":\"https:\\\/\\\/ludivinecommunicationanimale.com\\\/wp-content\\\/uploads\\\/2025\\\/12\\\/IMG_7678-1024x1536.jpg\"},{\"@type\":\"BreadcrumbList\",\"@id\":\"https:\\\/\\\/ludivinecommunicationanimale.com\\\/qui-suis-je\\\/#breadcrumb\",\"itemListElement\":[{\"@type\":\"ListItem\",\"position\":1,\"name\":\"Accueil\",\"item\":\"https:\\\/\\\/ludivinecommunicationanimale.com\\\/\"},{\"@type\":\"ListItem\",\"position\":2,\"name\":\"Qui suis-je ?\"}]},{\"@type\":\"WebSite\",\"@id\":\"https:\\\/\\\/ludivinecommunicationanimale.com\\\/#website\",\"url\":\"https:\\\/\\\/ludivinecommunicationanimale.com\\\/\",\"name\":\"Ludivine No\u00ebl - Communication animale\",\"description\":\"La communication animale pour tous vos animaux\",\"publisher\":{\"@id\":\"https:\\\/\\\/ludivinecommunicationanimale.com\\\/#organization\"},\"potentialAction\":[{\"@type\":\"SearchAction\",\"target\":{\"@type\":\"EntryPoint\",\"urlTemplate\":\"https:\\\/\\\/ludivinecommunicationanimale.com\\\/?s={search_term_string}\"},\"query-input\":{\"@type\":\"PropertyValueSpecification\",\"valueRequired\":true,\"valueName\":\"search_term_string\"}}],\"inLanguage\":\"en-GB\"},{\"@type\":\"Organization\",\"@id\":\"https:\\\/\\\/ludivinecommunicationanimale.com\\\/#organization\",\"name\":\"Ludivine No\u00ebl - Communication animale\",\"url\":\"https:\\\/\\\/ludivinecommunicationanimale.com\\\/\",\"logo\":{\"@type\":\"ImageObject\",\"inLanguage\":\"en-GB\",\"@id\":\"https:\\\/\\\/ludivinecommunicationanimale.com\\\/#\\\/schema\\\/logo\\\/image\\\/\",\"url\":\"https:\\\/\\\/ludivinecommunicationanimale.com\\\/wp-content\\\/uploads\\\/2023\\\/09\\\/290783785_493191162606064_4308004585059760608_n.png\",\"contentUrl\":\"https:\\\/\\\/ludivinecommunicationanimale.com\\\/wp-content\\\/uploads\\\/2023\\\/09\\\/290783785_493191162606064_4308004585059760608_n.png\",\"width\":2048,\"height\":1467,\"caption\":\"Ludivine No\u00ebl - Communication animale\"},\"image\":{\"@id\":\"https:\\\/\\\/ludivinecommunicationanimale.com\\\/#\\\/schema\\\/logo\\\/image\\\/\"}}]}<\/script>\n<!-- \/ Yoast SEO plugin. -->","yoast_head_json":{"title":"Qui suis-je ? - Ludivine No\u00ebl - Communication animale","robots":{"index":"index","follow":"follow","max-snippet":"max-snippet:-1","max-image-preview":"max-image-preview:large","max-video-preview":"max-video-preview:-1"},"canonical":"https:\/\/ludivinecommunicationanimale.com\/en\/qui-suis-je\/","og_locale":"en_GB","og_type":"article","og_title":"Qui suis-je ? - Ludivine No\u00ebl - Communication animale","og_description":"Ludivine Noel Depuis toujours, les chevaux sont au coeur de ma vie. Avant de me consacrer \u00e0 la communication animale, j\u2019ai travaill\u00e9 comme cavali\u00e8re maison et groom dans des \u00e9curies de commerce et de sport. Cette exp\u00e9rience m\u2019a permis d\u2019observer les chevaux au quotidien, de comprendre leur fonctionnement, leurs exigences physiques et mentales, mais aussi [&hellip;]","og_url":"https:\/\/ludivinecommunicationanimale.com\/en\/qui-suis-je\/","og_site_name":"Ludivine No\u00ebl - Communication animale","article_modified_time":"2025-12-06T15:48:30+00:00","og_image":[{"width":1600,"height":2400,"url":"https:\/\/ludivinecommunicationanimale.com\/wp-content\/uploads\/2025\/12\/IMG_7678.jpg","type":"image\/jpeg"}],"twitter_card":"summary_large_image","twitter_misc":{"Estimated reading time":"2 minutes"},"schema":{"@context":"https:\/\/schema.org","@graph":[{"@type":"WebPage","@id":"https:\/\/ludivinecommunicationanimale.com\/qui-suis-je\/","url":"https:\/\/ludivinecommunicationanimale.com\/qui-suis-je\/","name":"Qui suis-je ? - Ludivine No\u00ebl - Communication animale","isPartOf":{"@id":"https:\/\/ludivinecommunicationanimale.com\/#website"},"primaryImageOfPage":{"@id":"https:\/\/ludivinecommunicationanimale.com\/qui-suis-je\/#primaryimage"},"image":{"@id":"https:\/\/ludivinecommunicationanimale.com\/qui-suis-je\/#primaryimage"},"thumbnailUrl":"https:\/\/ludivinecommunicationanimale.com\/wp-content\/uploads\/2025\/12\/IMG_7678-1024x1536.jpg","datePublished":"2025-03-15T10:52:38+00:00","dateModified":"2025-12-06T15:48:30+00:00","breadcrumb":{"@id":"https:\/\/ludivinecommunicationanimale.com\/qui-suis-je\/#breadcrumb"},"inLanguage":"en-GB","potentialAction":[{"@type":"ReadAction","target":["https:\/\/ludivinecommunicationanimale.com\/qui-suis-je\/"]}]},{"@type":"ImageObject","inLanguage":"en-GB","@id":"https:\/\/ludivinecommunicationanimale.com\/qui-suis-je\/#primaryimage","url":"https:\/\/ludivinecommunicationanimale.com\/wp-content\/uploads\/2025\/12\/IMG_7678-1024x1536.jpg","contentUrl":"https:\/\/ludivinecommunicationanimale.com\/wp-content\/uploads\/2025\/12\/IMG_7678-1024x1536.jpg"},{"@type":"BreadcrumbList","@id":"https:\/\/ludivinecommunicationanimale.com\/qui-suis-je\/#breadcrumb","itemListElement":[{"@type":"ListItem","position":1,"name":"Accueil","item":"https:\/\/ludivinecommunicationanimale.com\/"},{"@type":"ListItem","position":2,"name":"Qui suis-je ?"}]},{"@type":"WebSite","@id":"https:\/\/ludivinecommunicationanimale.com\/#website","url":"https:\/\/ludivinecommunicationanimale.com\/","name":"Ludivine No\u00ebl - Communication animale","description":"La communication animale pour tous vos animaux","publisher":{"@id":"https:\/\/ludivinecommunicationanimale.com\/#organization"},"potentialAction":[{"@type":"SearchAction","target":{"@type":"EntryPoint","urlTemplate":"https:\/\/ludivinecommunicationanimale.com\/?s={search_term_string}"},"query-input":{"@type":"PropertyValueSpecification","valueRequired":true,"valueName":"search_term_string"}}],"inLanguage":"en-GB"},{"@type":"Organization","@id":"https:\/\/ludivinecommunicationanimale.com\/#organization","name":"Ludivine No\u00ebl - Communication animale","url":"https:\/\/ludivinecommunicationanimale.com\/","logo":{"@type":"ImageObject","inLanguage":"en-GB","@id":"https:\/\/ludivinecommunicationanimale.com\/#\/schema\/logo\/image\/","url":"https:\/\/ludivinecommunicationanimale.com\/wp-content\/uploads\/2023\/09\/290783785_493191162606064_4308004585059760608_n.png","contentUrl":"https:\/\/ludivinecommunicationanimale.com\/wp-content\/uploads\/2023\/09\/290783785_493191162606064_4308004585059760608_n.png","width":2048,"height":1467,"caption":"Ludivine No\u00ebl - Communication animale"},"image":{"@id":"https:\/\/ludivinecommunicationanimale.com\/#\/schema\/logo\/image\/"}}]}},"_links":{"self":[{"href":"https:\/\/ludivinecommunicationanimale.com\/en\/wp-json\/wp\/v2\/pages\/1438","targetHints":{"allow":["GET"]}}],"collection":[{"href":"https:\/\/ludivinecommunicationanimale.com\/en\/wp-json\/wp\/v2\/pages"}],"about":[{"href":"https:\/\/ludivinecommunicationanimale.com\/en\/wp-json\/wp\/v2\/types\/page"}],"author":[{"embeddable":true,"href":"https:\/\/ludivinecommunicationanimale.com\/en\/wp-json\/wp\/v2\/users\/1"}],"replies":[{"embeddable":true,"href":"https:\/\/ludivinecommunicationanimale.com\/en\/wp-json\/wp\/v2\/comments?post=1438"}],"version-history":[{"count":20,"href":"https:\/\/ludivinecommunicationanimale.com\/en\/wp-json\/wp\/v2\/pages\/1438\/revisions"}],"predecessor-version":[{"id":2072,"href":"https:\/\/ludivinecommunicationanimale.com\/en\/wp-json\/wp\/v2\/pages\/1438\/revisions\/2072"}],"wp:attachment":[{"href":"https:\/\/ludivinecommunicationanimale.com\/en\/wp-json\/wp\/v2\/media?parent=1438"}],"curies":[{"name":"wp","href":"https:\/\/api.w.org\/{rel}","templated":true}]}}