{"id":36,"date":"2023-09-30T16:39:06","date_gmt":"2023-09-30T14:39:06","guid":{"rendered":"http:\/\/ludivii.cluster028.hosting.ovh.net\/?page_id=36"},"modified":"2025-12-06T14:26:30","modified_gmt":"2025-12-06T13:26:30","slug":"a-propos","status":"publish","type":"page","link":"https:\/\/ludivinecommunicationanimale.com\/en\/a-propos\/","title":{"rendered":"Animal communication"},"content":{"rendered":"<div data-elementor-type=\"wp-page\" data-elementor-id=\"36\" class=\"elementor elementor-36\" data-elementor-post-type=\"page\">\n\t\t\t\t\t\t<section class=\"elementor-section elementor-top-section elementor-element elementor-element-334b0a5 elementor-section-height-min-height elementor-section-boxed elementor-section-height-default elementor-section-items-middle\" data-id=\"334b0a5\" data-element_type=\"section\" data-e-type=\"section\" data-settings=\"{&quot;background_background&quot;:&quot;classic&quot;}\">\n\t\t\t\t\t\t\t<div class=\"elementor-background-overlay\"><\/div>\n\t\t\t\t\t\t\t<div class=\"elementor-container elementor-column-gap-default\">\n\t\t\t\t\t<div class=\"elementor-column elementor-col-100 elementor-top-column elementor-element elementor-element-f734b61\" data-id=\"f734b61\" data-element_type=\"column\" data-e-type=\"column\">\n\t\t\t<div class=\"elementor-widget-wrap elementor-element-populated\">\n\t\t\t\t\t\t<div class=\"elementor-element elementor-element-24b4e3c elementor-widget elementor-widget-heading\" data-id=\"24b4e3c\" data-element_type=\"widget\" data-e-type=\"widget\" data-widget_type=\"heading.default\">\n\t\t\t\t<div class=\"elementor-widget-container\">\n\t\t\t\t\t<h1 class=\"elementor-heading-title elementor-size-default\">Animal communication<\/h1>\t\t\t\t<\/div>\n\t\t\t\t<\/div>\n\t\t\t\t<div class=\"elementor-element elementor-element-33608fc elementor-widget elementor-widget-text-editor\" data-id=\"33608fc\" data-element_type=\"widget\" data-e-type=\"widget\" data-widget_type=\"text-editor.default\">\n\t\t\t\t<div class=\"elementor-widget-container\">\n\t\t\t\t\t\t\t\t\t<p>Animal communication can surprise, amuse, and intrigue. It's a genuine profession.<\/p>\t\t\t\t\t\t\t\t<\/div>\n\t\t\t\t<\/div>\n\t\t\t\t\t<\/div>\n\t\t<\/div>\n\t\t\t\t\t<\/div>\n\t\t<\/section>\n\t\t\t\t<section class=\"elementor-section elementor-top-section elementor-element elementor-element-90db8ec elementor-section-boxed elementor-section-height-default elementor-section-height-default\" data-id=\"90db8ec\" data-element_type=\"section\" data-e-type=\"section\">\n\t\t\t\t\t\t<div class=\"elementor-container elementor-column-gap-default\">\n\t\t\t\t\t<div class=\"elementor-column elementor-col-100 elementor-top-column elementor-element elementor-element-ef77c82\" data-id=\"ef77c82\" data-element_type=\"column\" data-e-type=\"column\">\n\t\t\t<div class=\"elementor-widget-wrap elementor-element-populated\">\n\t\t\t\t\t\t<div class=\"elementor-element elementor-element-80fea20 elementor-widget elementor-widget-heading\" data-id=\"80fea20\" data-element_type=\"widget\" data-e-type=\"widget\" data-widget_type=\"heading.default\">\n\t\t\t\t<div class=\"elementor-widget-container\">\n\t\t\t\t\t<h2 class=\"elementor-heading-title elementor-size-default\">What is animal comunication?<\/h2>\t\t\t\t<\/div>\n\t\t\t\t<\/div>\n\t\t\t\t<div class=\"elementor-element elementor-element-6d51d9c elementor-widget__width-initial elementor-widget elementor-widget-text-editor\" data-id=\"6d51d9c\" data-element_type=\"widget\" data-e-type=\"widget\" data-widget_type=\"text-editor.default\">\n\t\t\t\t<div class=\"elementor-widget-container\">\n\t\t\t\t\t\t\t\t\t<p>La communication animale cr\u00e9e un lien profond entre les humains et leurs chevaux. Elle nous permet de comprendre les \u00e9motions, les besoins et les pens\u00e9es de nos compagnons \u00e9quins. Gr\u00e2ce \u00e0 cette connexion subtile, nous pouvons r\u00e9soudre les probl\u00e8mes de comportement, apaiser les angoisses et renforcer notre relation avec eux.<\/p><p>La communication avec les chevaux favorise une relation harmonieuse en \u00e9liminant les malentendus, en apportant r\u00e9confort et en encourageant la compr\u00e9hension mutuelle. Elle ouvre la porte \u00e0 un monde fascinant de compr\u00e9hension inter-esp\u00e8ces, permettant une cohabitation plus \u00e9panouissante entre le cavalier et son cheval.<\/p>\t\t\t\t\t\t\t\t<\/div>\n\t\t\t\t<\/div>\n\t\t\t\t\t<\/div>\n\t\t<\/div>\n\t\t\t\t\t<\/div>\n\t\t<\/section>\n\t\t\t\t<section class=\"elementor-section elementor-top-section elementor-element elementor-element-daddcfe elementor-section-full_width elementor-section-height-default elementor-section-height-default\" data-id=\"daddcfe\" data-element_type=\"section\" data-e-type=\"section\" data-settings=\"{&quot;background_background&quot;:&quot;classic&quot;}\">\n\t\t\t\t\t\t<div class=\"elementor-container elementor-column-gap-default\">\n\t\t\t\t\t<div class=\"elementor-column elementor-col-100 elementor-top-column elementor-element elementor-element-63f77e2\" data-id=\"63f77e2\" data-element_type=\"column\" data-e-type=\"column\" data-settings=\"{&quot;background_background&quot;:&quot;classic&quot;}\">\n\t\t\t<div class=\"elementor-widget-wrap elementor-element-populated\">\n\t\t\t\t\t\t<div class=\"elementor-element elementor-element-04d8f19 elementor-widget elementor-widget-spacer\" data-id=\"04d8f19\" data-element_type=\"widget\" data-e-type=\"widget\" data-widget_type=\"spacer.default\">\n\t\t\t\t<div class=\"elementor-widget-container\">\n\t\t\t\t\t\t\t<div class=\"elementor-spacer\">\n\t\t\t<div class=\"elementor-spacer-inner\"><\/div>\n\t\t<\/div>\n\t\t\t\t\t\t<\/div>\n\t\t\t\t<\/div>\n\t\t\t\t\t<\/div>\n\t\t<\/div>\n\t\t\t\t\t<\/div>\n\t\t<\/section>\n\t\t\t\t<section class=\"elementor-section elementor-top-section elementor-element elementor-element-7daaf7d elementor-section-boxed elementor-section-height-default elementor-section-height-default\" data-id=\"7daaf7d\" data-element_type=\"section\" data-e-type=\"section\">\n\t\t\t\t\t\t<div class=\"elementor-container elementor-column-gap-default\">\n\t\t\t\t\t<div class=\"elementor-column elementor-col-100 elementor-top-column elementor-element elementor-element-6d2ea3e\" data-id=\"6d2ea3e\" data-element_type=\"column\" data-e-type=\"column\">\n\t\t\t<div class=\"elementor-widget-wrap elementor-element-populated\">\n\t\t\t\t\t\t<div class=\"elementor-element elementor-element-cdb669b elementor-widget elementor-widget-heading\" data-id=\"cdb669b\" data-element_type=\"widget\" data-e-type=\"widget\" data-widget_type=\"heading.default\">\n\t\t\t\t<div class=\"elementor-widget-container\">\n\t\t\t\t\t<h2 class=\"elementor-heading-title elementor-size-default\">Between you and me<\/h2>\t\t\t\t<\/div>\n\t\t\t\t<\/div>\n\t\t\t\t<div class=\"elementor-element elementor-element-dc4c16f elementor-widget elementor-widget-text-editor\" data-id=\"dc4c16f\" data-element_type=\"widget\" data-e-type=\"widget\" data-widget_type=\"text-editor.default\">\n\t\t\t\t<div class=\"elementor-widget-container\">\n\t\t\t\t\t\t\t\t\t<p class=\"font_9 wixui-rich-text__text\">Je valorise votre franchise, car je ne suis pas m\u00e9dium. Il est donc essentiel que vous me fournissiez des informations pr\u00e9cises et que vous soyez totalement honn\u00eate avec moi. La consultation doit \u00eatre centr\u00e9e sur votre propre cheval, et non sur celui d\u2019un ami, d\u2019une connaissance, ou d\u2019un autre. La communication animale n\u2019est pas une science exacte, et il se peut que je ne re\u00e7oive pas de r\u00e9ponse \u00e0 certaines questions.<\/p><p class=\"font_9 wixui-rich-text__text\">En choisissant de faire appel \u00e0 la communication animale, vous vous engagez \u00e0 respecter les choix et les d\u00e9sirs de votre cheval, \u00e0 veiller sur sa sant\u00e9, et \u00e0 agir en son bien-\u00eatre. Si l\u2019intention n\u2019est pas de r\u00e9ellement \u00e9couter votre cheval, une consultation pourrait lui \u00eatre p\u00e9nible, et il n\u2019est donc pas n\u00e9cessaire de poursuivre.<\/p><p class=\"font_9 wixui-rich-text__text\">Parfois, les chevaux nous partagent leurs douleurs afin que nous puissions les soulager. Il est de votre responsabilit\u00e9 de consulter les professionnels comp\u00e9tents, tels que les dentistes, les ost\u00e9opathes, les v\u00e9t\u00e9rinaires, etc.<\/p>\t\t\t\t\t\t\t\t<\/div>\n\t\t\t\t<\/div>\n\t\t\t\t\t<\/div>\n\t\t<\/div>\n\t\t\t\t\t<\/div>\n\t\t<\/section>\n\t\t\t\t<section class=\"elementor-section elementor-top-section elementor-element elementor-element-1c5cfb5 elementor-section-boxed elementor-section-height-default elementor-section-height-default\" data-id=\"1c5cfb5\" data-element_type=\"section\" data-e-type=\"section\" data-settings=\"{&quot;background_background&quot;:&quot;classic&quot;}\">\n\t\t\t\t\t\t<div class=\"elementor-container elementor-column-gap-default\">\n\t\t\t\t\t<div class=\"elementor-column elementor-col-100 elementor-top-column elementor-element elementor-element-6e6160c\" data-id=\"6e6160c\" data-element_type=\"column\" data-e-type=\"column\" data-settings=\"{&quot;background_background&quot;:&quot;classic&quot;}\">\n\t\t\t<div class=\"elementor-widget-wrap elementor-element-populated\">\n\t\t\t\t\t\t<div class=\"elementor-element elementor-element-f337f70 elementor-widget elementor-widget-heading\" data-id=\"f337f70\" data-element_type=\"widget\" data-e-type=\"widget\" data-widget_type=\"heading.default\">\n\t\t\t\t<div class=\"elementor-widget-container\">\n\t\t\t\t\t<h2 class=\"elementor-heading-title elementor-size-default\">THE ETHICAL CODE OF ANIMAL COMMUNICATION<\/h2>\t\t\t\t<\/div>\n\t\t\t\t<\/div>\n\t\t\t\t<div class=\"elementor-element elementor-element-0d64eb2 elementor-widget elementor-widget-text-editor\" data-id=\"0d64eb2\" data-element_type=\"widget\" data-e-type=\"widget\" data-widget_type=\"text-editor.default\">\n\t\t\t\t<div class=\"elementor-widget-container\">\n\t\t\t\t\t\t\t\t\t<p><em>The ethical code for animal communication consultants was established in 1990 by P\u00e9n\u00e9lope Smith, a renowned American pioneer in this field.\u00a0<br \/><\/em><em>grande pionni\u00e8re am\u00e9ricaine de la communication avec les animaux.<\/em><\/p>\t\t\t\t\t\t\t\t<\/div>\n\t\t\t\t<\/div>\n\t\t\t\t<div class=\"elementor-element elementor-element-3f668b7 elementor-widget elementor-widget-text-editor\" data-id=\"3f668b7\" data-element_type=\"widget\" data-e-type=\"widget\" data-widget_type=\"text-editor.default\">\n\t\t\t\t<div class=\"elementor-widget-container\">\n\t\t\t\t\t\t\t\t\t<p class=\"font_9 wixui-rich-text__text\">Our primary motivation is compassion towards all beings and the deep desire to help individuals of all species better understand each other...<\/p><p class=\"font_9 wixui-rich-text__text\">We honor with dignity those who seek our assistance, refraining from judging or condemning for past errors and misunderstandings.<\/p><p class=\"font_9 wixui-rich-text__text\">We recognize that to maintain the purity and harmony of our work, we must develop inwardly and know ourselves deeply. We understand that psychic communication with animals can be influenced by our unconscious desires, heightened emotions, judgments, and lack of love for ourselves and others. In this light, we walk the path with humility and compassion.\u00a0<span style=\"color: var( --e-global-color-text ); font-weight: var( --e-global-typography-text-font-weight ); font-size: 1rem;\">We are prepared to learn from our mistakes and challenge beliefs that may affect the\u00a0<\/span><span style=\"color: var( --e-global-color-text ); font-weight: var( --e-global-typography-text-font-weight ); font-size: 1rem;\">accuracy of received communications.<\/span><\/p><p class=\"font_9 wixui-rich-text__text\">We strive to highlight the best in each individual to find positive solutions to the challenges presented to us. We offer our assistance only to those who seek it, respecting their receptivity. We respect the feelings and beliefs of others.<\/p><p class=\"font_9 wixui-rich-text__text\"><br \/>We guarantee the confidentiality of personal information of individuals and their animal companions.<\/p><p class=\"font_9 wixui-rich-text__text\"><br \/>We make every effort to assist individuals in making appropriate decisions for the well-being of their animal companions. We do not seek to create dependency on our services, but rather encourage curiosity and autonomy.<\/p><p class=\"font_9 wixui-rich-text__text\"><br \/>We acknowledge our limitations and know when it is necessary to recommend the assistance of another professional. It is not our role to diagnose or treat diseases, and we refer clients to veterinarians for such needs. We can convey the emotions of the animal, describe its emotional state, symptoms observed, or areas of pain indicated by the animal. This information may be used by a veterinarian at their discretion.<\/p><p class=\"font_9 wixui-rich-text__text\"><br \/>The aim of all our consultations, conferences, and workshops is to create a space conducive to more compassion, mutual understanding, and balance among all beings. We follow our hearts while honoring the spirit that inhabits each being and unites us all.<\/p>\t\t\t\t\t\t\t\t<\/div>\n\t\t\t\t<\/div>\n\t\t\t\t\t<\/div>\n\t\t<\/div>\n\t\t\t\t\t<\/div>\n\t\t<\/section>\n\t\t\t\t<\/div>","protected":false},"excerpt":{"rendered":"<p>La communication animale peut surprendre, amuser et intriguer. C&rsquo;est un v\u00e9ritable m\u00e9tier. Qu&rsquo;est-ce que la communication animale ? La communication animale cr\u00e9e un lien profond entre les humains et leurs chevaux. Elle nous permet de comprendre les \u00e9motions, les besoins et les pens\u00e9es de nos compagnons \u00e9quins. Gr\u00e2ce \u00e0 cette connexion subtile, nous pouvons r\u00e9soudre [&hellip;]<\/p>","protected":false},"author":1,"featured_media":0,"parent":0,"menu_order":0,"comment_status":"closed","ping_status":"closed","template":"elementor_header_footer","meta":{"footnotes":""},"class_list":["post-36","page","type-page","status-publish","hentry"],"yoast_head":"<!-- This site is optimized with the Yoast SEO plugin v27.4 - https:\/\/yoast.com\/product\/yoast-seo-wordpress\/ -->\n<title>Communication animale - Ludivine No\u00ebl - Communication animale<\/title>\n<meta name=\"robots\" content=\"index, follow, max-snippet:-1, max-image-preview:large, max-video-preview:-1\" \/>\n<link rel=\"canonical\" href=\"https:\/\/ludivinecommunicationanimale.com\/en\/a-propos\/\" \/>\n<meta property=\"og:locale\" content=\"en_GB\" \/>\n<meta property=\"og:type\" content=\"article\" \/>\n<meta property=\"og:title\" content=\"Communication animale - Ludivine No\u00ebl - Communication animale\" \/>\n<meta property=\"og:description\" content=\"La communication animale peut surprendre, amuser et intriguer. C&rsquo;est un v\u00e9ritable m\u00e9tier. Qu&rsquo;est-ce que la communication animale ? La communication animale cr\u00e9e un lien profond entre les humains et leurs chevaux. Elle nous permet de comprendre les \u00e9motions, les besoins et les pens\u00e9es de nos compagnons \u00e9quins. Gr\u00e2ce \u00e0 cette connexion subtile, nous pouvons r\u00e9soudre [&hellip;]\" \/>\n<meta property=\"og:url\" content=\"https:\/\/ludivinecommunicationanimale.com\/en\/a-propos\/\" \/>\n<meta property=\"og:site_name\" content=\"Ludivine No\u00ebl - Communication animale\" \/>\n<meta property=\"article:modified_time\" content=\"2025-12-06T13:26:30+00:00\" \/>\n<meta name=\"twitter:card\" content=\"summary_large_image\" \/>\n<meta name=\"twitter:label1\" content=\"Estimated reading time\" \/>\n\t<meta name=\"twitter:data1\" content=\"4 minutes\" \/>\n<script type=\"application\/ld+json\" class=\"yoast-schema-graph\">{\"@context\":\"https:\\\/\\\/schema.org\",\"@graph\":[{\"@type\":\"WebPage\",\"@id\":\"https:\\\/\\\/ludivinecommunicationanimale.com\\\/a-propos\\\/\",\"url\":\"https:\\\/\\\/ludivinecommunicationanimale.com\\\/a-propos\\\/\",\"name\":\"Communication animale - Ludivine No\u00ebl - Communication animale\",\"isPartOf\":{\"@id\":\"https:\\\/\\\/ludivinecommunicationanimale.com\\\/#website\"},\"datePublished\":\"2023-09-30T14:39:06+00:00\",\"dateModified\":\"2025-12-06T13:26:30+00:00\",\"breadcrumb\":{\"@id\":\"https:\\\/\\\/ludivinecommunicationanimale.com\\\/a-propos\\\/#breadcrumb\"},\"inLanguage\":\"en-GB\",\"potentialAction\":[{\"@type\":\"ReadAction\",\"target\":[\"https:\\\/\\\/ludivinecommunicationanimale.com\\\/a-propos\\\/\"]}]},{\"@type\":\"BreadcrumbList\",\"@id\":\"https:\\\/\\\/ludivinecommunicationanimale.com\\\/a-propos\\\/#breadcrumb\",\"itemListElement\":[{\"@type\":\"ListItem\",\"position\":1,\"name\":\"Accueil\",\"item\":\"https:\\\/\\\/ludivinecommunicationanimale.com\\\/\"},{\"@type\":\"ListItem\",\"position\":2,\"name\":\"Communication animale\"}]},{\"@type\":\"WebSite\",\"@id\":\"https:\\\/\\\/ludivinecommunicationanimale.com\\\/#website\",\"url\":\"https:\\\/\\\/ludivinecommunicationanimale.com\\\/\",\"name\":\"Ludivine No\u00ebl - Communication animale\",\"description\":\"La communication animale pour tous vos animaux\",\"publisher\":{\"@id\":\"https:\\\/\\\/ludivinecommunicationanimale.com\\\/#organization\"},\"potentialAction\":[{\"@type\":\"SearchAction\",\"target\":{\"@type\":\"EntryPoint\",\"urlTemplate\":\"https:\\\/\\\/ludivinecommunicationanimale.com\\\/?s={search_term_string}\"},\"query-input\":{\"@type\":\"PropertyValueSpecification\",\"valueRequired\":true,\"valueName\":\"search_term_string\"}}],\"inLanguage\":\"en-GB\"},{\"@type\":\"Organization\",\"@id\":\"https:\\\/\\\/ludivinecommunicationanimale.com\\\/#organization\",\"name\":\"Ludivine No\u00ebl - Communication animale\",\"url\":\"https:\\\/\\\/ludivinecommunicationanimale.com\\\/\",\"logo\":{\"@type\":\"ImageObject\",\"inLanguage\":\"en-GB\",\"@id\":\"https:\\\/\\\/ludivinecommunicationanimale.com\\\/#\\\/schema\\\/logo\\\/image\\\/\",\"url\":\"https:\\\/\\\/ludivinecommunicationanimale.com\\\/wp-content\\\/uploads\\\/2023\\\/09\\\/290783785_493191162606064_4308004585059760608_n.png\",\"contentUrl\":\"https:\\\/\\\/ludivinecommunicationanimale.com\\\/wp-content\\\/uploads\\\/2023\\\/09\\\/290783785_493191162606064_4308004585059760608_n.png\",\"width\":2048,\"height\":1467,\"caption\":\"Ludivine No\u00ebl - Communication animale\"},\"image\":{\"@id\":\"https:\\\/\\\/ludivinecommunicationanimale.com\\\/#\\\/schema\\\/logo\\\/image\\\/\"}}]}<\/script>\n<!-- \/ Yoast SEO plugin. -->","yoast_head_json":{"title":"Communication animale - Ludivine No\u00ebl - Communication animale","robots":{"index":"index","follow":"follow","max-snippet":"max-snippet:-1","max-image-preview":"max-image-preview:large","max-video-preview":"max-video-preview:-1"},"canonical":"https:\/\/ludivinecommunicationanimale.com\/en\/a-propos\/","og_locale":"en_GB","og_type":"article","og_title":"Communication animale - Ludivine No\u00ebl - Communication animale","og_description":"La communication animale peut surprendre, amuser et intriguer. C&rsquo;est un v\u00e9ritable m\u00e9tier. Qu&rsquo;est-ce que la communication animale ? La communication animale cr\u00e9e un lien profond entre les humains et leurs chevaux. Elle nous permet de comprendre les \u00e9motions, les besoins et les pens\u00e9es de nos compagnons \u00e9quins. Gr\u00e2ce \u00e0 cette connexion subtile, nous pouvons r\u00e9soudre [&hellip;]","og_url":"https:\/\/ludivinecommunicationanimale.com\/en\/a-propos\/","og_site_name":"Ludivine No\u00ebl - Communication animale","article_modified_time":"2025-12-06T13:26:30+00:00","twitter_card":"summary_large_image","twitter_misc":{"Estimated reading time":"4 minutes"},"schema":{"@context":"https:\/\/schema.org","@graph":[{"@type":"WebPage","@id":"https:\/\/ludivinecommunicationanimale.com\/a-propos\/","url":"https:\/\/ludivinecommunicationanimale.com\/a-propos\/","name":"Communication animale - Ludivine No\u00ebl - Communication animale","isPartOf":{"@id":"https:\/\/ludivinecommunicationanimale.com\/#website"},"datePublished":"2023-09-30T14:39:06+00:00","dateModified":"2025-12-06T13:26:30+00:00","breadcrumb":{"@id":"https:\/\/ludivinecommunicationanimale.com\/a-propos\/#breadcrumb"},"inLanguage":"en-GB","potentialAction":[{"@type":"ReadAction","target":["https:\/\/ludivinecommunicationanimale.com\/a-propos\/"]}]},{"@type":"BreadcrumbList","@id":"https:\/\/ludivinecommunicationanimale.com\/a-propos\/#breadcrumb","itemListElement":[{"@type":"ListItem","position":1,"name":"Accueil","item":"https:\/\/ludivinecommunicationanimale.com\/"},{"@type":"ListItem","position":2,"name":"Communication animale"}]},{"@type":"WebSite","@id":"https:\/\/ludivinecommunicationanimale.com\/#website","url":"https:\/\/ludivinecommunicationanimale.com\/","name":"Ludivine No\u00ebl - Communication animale","description":"La communication animale pour tous vos animaux","publisher":{"@id":"https:\/\/ludivinecommunicationanimale.com\/#organization"},"potentialAction":[{"@type":"SearchAction","target":{"@type":"EntryPoint","urlTemplate":"https:\/\/ludivinecommunicationanimale.com\/?s={search_term_string}"},"query-input":{"@type":"PropertyValueSpecification","valueRequired":true,"valueName":"search_term_string"}}],"inLanguage":"en-GB"},{"@type":"Organization","@id":"https:\/\/ludivinecommunicationanimale.com\/#organization","name":"Ludivine No\u00ebl - Communication animale","url":"https:\/\/ludivinecommunicationanimale.com\/","logo":{"@type":"ImageObject","inLanguage":"en-GB","@id":"https:\/\/ludivinecommunicationanimale.com\/#\/schema\/logo\/image\/","url":"https:\/\/ludivinecommunicationanimale.com\/wp-content\/uploads\/2023\/09\/290783785_493191162606064_4308004585059760608_n.png","contentUrl":"https:\/\/ludivinecommunicationanimale.com\/wp-content\/uploads\/2023\/09\/290783785_493191162606064_4308004585059760608_n.png","width":2048,"height":1467,"caption":"Ludivine No\u00ebl - Communication animale"},"image":{"@id":"https:\/\/ludivinecommunicationanimale.com\/#\/schema\/logo\/image\/"}}]}},"_links":{"self":[{"href":"https:\/\/ludivinecommunicationanimale.com\/en\/wp-json\/wp\/v2\/pages\/36","targetHints":{"allow":["GET"]}}],"collection":[{"href":"https:\/\/ludivinecommunicationanimale.com\/en\/wp-json\/wp\/v2\/pages"}],"about":[{"href":"https:\/\/ludivinecommunicationanimale.com\/en\/wp-json\/wp\/v2\/types\/page"}],"author":[{"embeddable":true,"href":"https:\/\/ludivinecommunicationanimale.com\/en\/wp-json\/wp\/v2\/users\/1"}],"replies":[{"embeddable":true,"href":"https:\/\/ludivinecommunicationanimale.com\/en\/wp-json\/wp\/v2\/comments?post=36"}],"version-history":[{"count":68,"href":"https:\/\/ludivinecommunicationanimale.com\/en\/wp-json\/wp\/v2\/pages\/36\/revisions"}],"predecessor-version":[{"id":2000,"href":"https:\/\/ludivinecommunicationanimale.com\/en\/wp-json\/wp\/v2\/pages\/36\/revisions\/2000"}],"wp:attachment":[{"href":"https:\/\/ludivinecommunicationanimale.com\/en\/wp-json\/wp\/v2\/media?parent=36"}],"curies":[{"name":"wp","href":"https:\/\/api.w.org\/{rel}","templated":true}]}}