{"id":280,"date":"2024-10-01T22:35:44","date_gmt":"2024-10-01T20:35:44","guid":{"rendered":"http:\/\/ludivii.cluster028.hosting.ovh.net\/?post_type=product&#038;p=280"},"modified":"2025-12-06T15:42:46","modified_gmt":"2025-12-06T14:42:46","slug":"dialogue-scanning","status":"publish","type":"product","link":"https:\/\/ludivinecommunicationanimale.com\/en\/product\/dialogue-scanning\/","title":{"rendered":"Dialogue + Scanning"},"content":{"rendered":"","protected":false},"excerpt":{"rendered":"<p>Je retrace sa vie de sa naissance jusqu\u2019\u00e0 maintenant. Je vous accompagne avec une trame de questions, tout en vous laissant la possibilit\u00e9 d\u2019en poser d\u2019autres. Le scanning permet de percevoir les douleurs physiques actuelles de l&rsquo;animal.<\/p>\n<p>Une fois la prestation choisie et r\u00e9gl\u00e9e, je vous contacterai par e-mail pour r\u00e9cup\u00e9rer les informations n\u00e9cessaires (pr\u00e9nom de l\u2019animal, photo et d\u00e9tails) et pour fixer la date de la prestation.<\/p>\n<p>\u26a0\ufe0f\u00a0<strong>AUCUN REMBOURSEMENT NE SERA EFFECTU\u00c9 : <\/strong><\/p>\n<ul>\n<li><strong>EN CAS D\u2019ANNULATION DE VOTRE PART<\/strong><\/li>\n<li><strong>EN CAS D\u2019INSATISFACTION SUITE AU COMPTE RENDU<\/strong><\/li>\n<\/ul>","protected":false},"featured_media":1951,"template":"","meta":[],"product_brand":[],"product_cat":[18],"product_tag":[],"class_list":{"0":"post-280","1":"product","2":"type-product","3":"status-publish","4":"has-post-thumbnail","6":"product_cat-non-classe","8":"first","9":"instock","10":"virtual","11":"purchasable","12":"product-type-simple"},"yoast_head":"<!-- This site is optimized with the Yoast SEO plugin v27.3 - https:\/\/yoast.com\/product\/yoast-seo-wordpress\/ -->\n<title>Dialogue + Scanning - Ludivine No\u00ebl - Communication animale<\/title>\n<meta name=\"robots\" content=\"index, follow, max-snippet:-1, max-image-preview:large, max-video-preview:-1\" \/>\n<link rel=\"canonical\" href=\"https:\/\/ludivinecommunicationanimale.com\/en\/product\/dialogue-scanning\/\" \/>\n<meta property=\"og:locale\" content=\"en_GB\" \/>\n<meta property=\"og:type\" content=\"article\" \/>\n<meta property=\"og:title\" content=\"Dialogue + Scanning - Ludivine No\u00ebl - Communication animale\" \/>\n<meta property=\"og:description\" content=\"Je retrace sa vie de sa naissance jusqu\u2019\u00e0 maintenant. Je vous accompagne avec une trame de questions, tout en vous laissant la possibilit\u00e9 d\u2019en poser d\u2019autres. Le scanning permet de percevoir les douleurs physiques actuelles de l&#039;animal.  Une fois la prestation choisie et r\u00e9gl\u00e9e, je vous contacterai par e-mail pour r\u00e9cup\u00e9rer les informations n\u00e9cessaires (pr\u00e9nom de l\u2019animal, photo et d\u00e9tails) et pour fixer la date de la prestation.  \u26a0\ufe0f\u00a0AUCUN REMBOURSEMENT NE SERA EFFECTU\u00c9 :    EN CAS D\u2019ANNULATION DE VOTRE PART  EN CAS D\u2019INSATISFACTION SUITE AU COMPTE RENDU\" \/>\n<meta property=\"og:url\" content=\"https:\/\/ludivinecommunicationanimale.com\/en\/product\/dialogue-scanning\/\" \/>\n<meta property=\"og:site_name\" content=\"Ludivine No\u00ebl - Communication animale\" \/>\n<meta property=\"article:modified_time\" content=\"2025-12-06T14:42:46+00:00\" \/>\n<meta property=\"og:image\" content=\"https:\/\/ludivinecommunicationanimale.com\/wp-content\/uploads\/2025\/12\/IMG_5904.jpg\" \/>\n\t<meta property=\"og:image:width\" content=\"1600\" \/>\n\t<meta property=\"og:image:height\" content=\"2400\" \/>\n\t<meta property=\"og:image:type\" content=\"image\/jpeg\" \/>\n<meta name=\"twitter:card\" content=\"summary_large_image\" \/>\n<meta name=\"twitter:label1\" content=\"Estimated reading time\" \/>\n\t<meta name=\"twitter:data1\" content=\"1 minute\" \/>\n<script type=\"application\/ld+json\" class=\"yoast-schema-graph\">{\"@context\":\"https:\\\/\\\/schema.org\",\"@graph\":[{\"@type\":\"WebPage\",\"@id\":\"https:\\\/\\\/ludivinecommunicationanimale.com\\\/produit\\\/dialogue-scanning\\\/\",\"url\":\"https:\\\/\\\/ludivinecommunicationanimale.com\\\/produit\\\/dialogue-scanning\\\/\",\"name\":\"Dialogue + Scanning - Ludivine No\u00ebl - Communication animale\",\"isPartOf\":{\"@id\":\"https:\\\/\\\/ludivinecommunicationanimale.com\\\/#website\"},\"primaryImageOfPage\":{\"@id\":\"https:\\\/\\\/ludivinecommunicationanimale.com\\\/produit\\\/dialogue-scanning\\\/#primaryimage\"},\"image\":{\"@id\":\"https:\\\/\\\/ludivinecommunicationanimale.com\\\/produit\\\/dialogue-scanning\\\/#primaryimage\"},\"thumbnailUrl\":\"https:\\\/\\\/ludivinecommunicationanimale.com\\\/wp-content\\\/uploads\\\/2025\\\/12\\\/IMG_5904.jpg\",\"datePublished\":\"2024-10-01T20:35:44+00:00\",\"dateModified\":\"2025-12-06T14:42:46+00:00\",\"breadcrumb\":{\"@id\":\"https:\\\/\\\/ludivinecommunicationanimale.com\\\/produit\\\/dialogue-scanning\\\/#breadcrumb\"},\"inLanguage\":\"en-GB\",\"potentialAction\":[{\"@type\":\"ReadAction\",\"target\":[\"https:\\\/\\\/ludivinecommunicationanimale.com\\\/produit\\\/dialogue-scanning\\\/\"]}]},{\"@type\":\"ImageObject\",\"inLanguage\":\"en-GB\",\"@id\":\"https:\\\/\\\/ludivinecommunicationanimale.com\\\/produit\\\/dialogue-scanning\\\/#primaryimage\",\"url\":\"https:\\\/\\\/ludivinecommunicationanimale.com\\\/wp-content\\\/uploads\\\/2025\\\/12\\\/IMG_5904.jpg\",\"contentUrl\":\"https:\\\/\\\/ludivinecommunicationanimale.com\\\/wp-content\\\/uploads\\\/2025\\\/12\\\/IMG_5904.jpg\",\"width\":1600,\"height\":2400},{\"@type\":\"BreadcrumbList\",\"@id\":\"https:\\\/\\\/ludivinecommunicationanimale.com\\\/produit\\\/dialogue-scanning\\\/#breadcrumb\",\"itemListElement\":[{\"@type\":\"ListItem\",\"position\":1,\"name\":\"Accueil\",\"item\":\"https:\\\/\\\/ludivinecommunicationanimale.com\\\/\"},{\"@type\":\"ListItem\",\"position\":2,\"name\":\"R\u00e9servation\",\"item\":\"https:\\\/\\\/ludivinecommunicationanimale.com\\\/reservation\\\/\"},{\"@type\":\"ListItem\",\"position\":3,\"name\":\"Dialogue + Scanning\"}]},{\"@type\":\"WebSite\",\"@id\":\"https:\\\/\\\/ludivinecommunicationanimale.com\\\/#website\",\"url\":\"https:\\\/\\\/ludivinecommunicationanimale.com\\\/\",\"name\":\"Ludivine No\u00ebl - Communication animale\",\"description\":\"La communication animale pour tous vos animaux\",\"publisher\":{\"@id\":\"https:\\\/\\\/ludivinecommunicationanimale.com\\\/#organization\"},\"potentialAction\":[{\"@type\":\"SearchAction\",\"target\":{\"@type\":\"EntryPoint\",\"urlTemplate\":\"https:\\\/\\\/ludivinecommunicationanimale.com\\\/?s={search_term_string}\"},\"query-input\":{\"@type\":\"PropertyValueSpecification\",\"valueRequired\":true,\"valueName\":\"search_term_string\"}}],\"inLanguage\":\"en-GB\"},{\"@type\":\"Organization\",\"@id\":\"https:\\\/\\\/ludivinecommunicationanimale.com\\\/#organization\",\"name\":\"Ludivine No\u00ebl - Communication animale\",\"url\":\"https:\\\/\\\/ludivinecommunicationanimale.com\\\/\",\"logo\":{\"@type\":\"ImageObject\",\"inLanguage\":\"en-GB\",\"@id\":\"https:\\\/\\\/ludivinecommunicationanimale.com\\\/#\\\/schema\\\/logo\\\/image\\\/\",\"url\":\"https:\\\/\\\/ludivinecommunicationanimale.com\\\/wp-content\\\/uploads\\\/2023\\\/09\\\/290783785_493191162606064_4308004585059760608_n.png\",\"contentUrl\":\"https:\\\/\\\/ludivinecommunicationanimale.com\\\/wp-content\\\/uploads\\\/2023\\\/09\\\/290783785_493191162606064_4308004585059760608_n.png\",\"width\":2048,\"height\":1467,\"caption\":\"Ludivine No\u00ebl - Communication animale\"},\"image\":{\"@id\":\"https:\\\/\\\/ludivinecommunicationanimale.com\\\/#\\\/schema\\\/logo\\\/image\\\/\"}}]}<\/script>\n<!-- \/ Yoast SEO plugin. -->","yoast_head_json":{"title":"Dialogue + Scanning - Ludivine No\u00ebl - Communication animale","robots":{"index":"index","follow":"follow","max-snippet":"max-snippet:-1","max-image-preview":"max-image-preview:large","max-video-preview":"max-video-preview:-1"},"canonical":"https:\/\/ludivinecommunicationanimale.com\/en\/product\/dialogue-scanning\/","og_locale":"en_GB","og_type":"article","og_title":"Dialogue + Scanning - Ludivine No\u00ebl - Communication animale","og_description":"Je retrace sa vie de sa naissance jusqu\u2019\u00e0 maintenant. Je vous accompagne avec une trame de questions, tout en vous laissant la possibilit\u00e9 d\u2019en poser d\u2019autres. Le scanning permet de percevoir les douleurs physiques actuelles de l'animal.  Une fois la prestation choisie et r\u00e9gl\u00e9e, je vous contacterai par e-mail pour r\u00e9cup\u00e9rer les informations n\u00e9cessaires (pr\u00e9nom de l\u2019animal, photo et d\u00e9tails) et pour fixer la date de la prestation.  \u26a0\ufe0f\u00a0AUCUN REMBOURSEMENT NE SERA EFFECTU\u00c9 :    EN CAS D\u2019ANNULATION DE VOTRE PART  EN CAS D\u2019INSATISFACTION SUITE AU COMPTE RENDU","og_url":"https:\/\/ludivinecommunicationanimale.com\/en\/product\/dialogue-scanning\/","og_site_name":"Ludivine No\u00ebl - Communication animale","article_modified_time":"2025-12-06T14:42:46+00:00","og_image":[{"width":1600,"height":2400,"url":"https:\/\/ludivinecommunicationanimale.com\/wp-content\/uploads\/2025\/12\/IMG_5904.jpg","type":"image\/jpeg"}],"twitter_card":"summary_large_image","twitter_misc":{"Estimated reading time":"1 minute"},"schema":{"@context":"https:\/\/schema.org","@graph":[{"@type":"WebPage","@id":"https:\/\/ludivinecommunicationanimale.com\/produit\/dialogue-scanning\/","url":"https:\/\/ludivinecommunicationanimale.com\/produit\/dialogue-scanning\/","name":"Dialogue + Scanning - Ludivine No\u00ebl - Communication animale","isPartOf":{"@id":"https:\/\/ludivinecommunicationanimale.com\/#website"},"primaryImageOfPage":{"@id":"https:\/\/ludivinecommunicationanimale.com\/produit\/dialogue-scanning\/#primaryimage"},"image":{"@id":"https:\/\/ludivinecommunicationanimale.com\/produit\/dialogue-scanning\/#primaryimage"},"thumbnailUrl":"https:\/\/ludivinecommunicationanimale.com\/wp-content\/uploads\/2025\/12\/IMG_5904.jpg","datePublished":"2024-10-01T20:35:44+00:00","dateModified":"2025-12-06T14:42:46+00:00","breadcrumb":{"@id":"https:\/\/ludivinecommunicationanimale.com\/produit\/dialogue-scanning\/#breadcrumb"},"inLanguage":"en-GB","potentialAction":[{"@type":"ReadAction","target":["https:\/\/ludivinecommunicationanimale.com\/produit\/dialogue-scanning\/"]}]},{"@type":"ImageObject","inLanguage":"en-GB","@id":"https:\/\/ludivinecommunicationanimale.com\/produit\/dialogue-scanning\/#primaryimage","url":"https:\/\/ludivinecommunicationanimale.com\/wp-content\/uploads\/2025\/12\/IMG_5904.jpg","contentUrl":"https:\/\/ludivinecommunicationanimale.com\/wp-content\/uploads\/2025\/12\/IMG_5904.jpg","width":1600,"height":2400},{"@type":"BreadcrumbList","@id":"https:\/\/ludivinecommunicationanimale.com\/produit\/dialogue-scanning\/#breadcrumb","itemListElement":[{"@type":"ListItem","position":1,"name":"Accueil","item":"https:\/\/ludivinecommunicationanimale.com\/"},{"@type":"ListItem","position":2,"name":"R\u00e9servation","item":"https:\/\/ludivinecommunicationanimale.com\/reservation\/"},{"@type":"ListItem","position":3,"name":"Dialogue + Scanning"}]},{"@type":"WebSite","@id":"https:\/\/ludivinecommunicationanimale.com\/#website","url":"https:\/\/ludivinecommunicationanimale.com\/","name":"Ludivine No\u00ebl - Communication animale","description":"La communication animale pour tous vos animaux","publisher":{"@id":"https:\/\/ludivinecommunicationanimale.com\/#organization"},"potentialAction":[{"@type":"SearchAction","target":{"@type":"EntryPoint","urlTemplate":"https:\/\/ludivinecommunicationanimale.com\/?s={search_term_string}"},"query-input":{"@type":"PropertyValueSpecification","valueRequired":true,"valueName":"search_term_string"}}],"inLanguage":"en-GB"},{"@type":"Organization","@id":"https:\/\/ludivinecommunicationanimale.com\/#organization","name":"Ludivine No\u00ebl - Communication animale","url":"https:\/\/ludivinecommunicationanimale.com\/","logo":{"@type":"ImageObject","inLanguage":"en-GB","@id":"https:\/\/ludivinecommunicationanimale.com\/#\/schema\/logo\/image\/","url":"https:\/\/ludivinecommunicationanimale.com\/wp-content\/uploads\/2023\/09\/290783785_493191162606064_4308004585059760608_n.png","contentUrl":"https:\/\/ludivinecommunicationanimale.com\/wp-content\/uploads\/2023\/09\/290783785_493191162606064_4308004585059760608_n.png","width":2048,"height":1467,"caption":"Ludivine No\u00ebl - Communication animale"},"image":{"@id":"https:\/\/ludivinecommunicationanimale.com\/#\/schema\/logo\/image\/"}}]}},"_links":{"self":[{"href":"https:\/\/ludivinecommunicationanimale.com\/en\/wp-json\/wp\/v2\/product\/280","targetHints":{"allow":["GET"]}}],"collection":[{"href":"https:\/\/ludivinecommunicationanimale.com\/en\/wp-json\/wp\/v2\/product"}],"about":[{"href":"https:\/\/ludivinecommunicationanimale.com\/en\/wp-json\/wp\/v2\/types\/product"}],"wp:featuredmedia":[{"embeddable":true,"href":"https:\/\/ludivinecommunicationanimale.com\/en\/wp-json\/wp\/v2\/media\/1951"}],"wp:attachment":[{"href":"https:\/\/ludivinecommunicationanimale.com\/en\/wp-json\/wp\/v2\/media?parent=280"}],"wp:term":[{"taxonomy":"product_brand","embeddable":true,"href":"https:\/\/ludivinecommunicationanimale.com\/en\/wp-json\/wp\/v2\/product_brand?post=280"},{"taxonomy":"product_cat","embeddable":true,"href":"https:\/\/ludivinecommunicationanimale.com\/en\/wp-json\/wp\/v2\/product_cat?post=280"},{"taxonomy":"product_tag","embeddable":true,"href":"https:\/\/ludivinecommunicationanimale.com\/en\/wp-json\/wp\/v2\/product_tag?post=280"}],"curies":[{"name":"wp","href":"https:\/\/api.w.org\/{rel}","templated":true}]}}