{"id":282,"date":"2023-10-01T22:38:58","date_gmt":"2023-10-01T20:38:58","guid":{"rendered":"http:\/\/ludivii.cluster028.hosting.ovh.net\/?post_type=product&#038;p=282"},"modified":"2025-12-06T15:51:42","modified_gmt":"2025-12-06T14:51:42","slug":"concours-a-distance-1-jour","status":"publish","type":"product","link":"https:\/\/ludivinecommunicationanimale.com\/en\/product\/concours-a-distance-1-jour\/","title":{"rendered":"competition in remote (1 day)"},"content":{"rendered":"","protected":false},"excerpt":{"rendered":"<p>Cette prestation inclut plusieurs communications adapt\u00e9es \u00e0 la pr\u00e9paration et au suivi de concours :<\/p>\n<ul>\n<li>\u00a0The day before the competition:<\/li>\n<li>Le jour m\u00eame, y compris apr\u00e8s votre tour, pour analyser son comportement ou le rassurer.<\/li>\n<\/ul>\n<p>Elle est valable pour une journ\u00e9e de concours.<\/p>\n<p>Une fois la prestation choisie et r\u00e9gl\u00e9e via le site internet, merci de me contacter par SMS ou Whatsapp au 0676107994 pour m\u2019envoyer les informations n\u00e9cessaires (pr\u00e9nom de l\u2019animal, photo et d\u00e9tails) et la date du concours.<\/p>\n<p>\u26a0\ufe0f\u00a0<strong>AUCUN REMBOURSEMENT NE SERA EFFECTU\u00c9 : <\/strong><\/p>\n<ul>\n<li><strong>EN CAS D\u2019ANNULATION DE VOTRE PART<\/strong><\/li>\n<li><strong>EN CAS D\u2019INSATISFACTION SUITE AU COMPTE RENDU<\/strong><\/li>\n<\/ul>","protected":false},"featured_media":2032,"template":"","meta":[],"product_brand":[],"product_cat":[18],"product_tag":[],"class_list":{"0":"post-282","1":"product","2":"type-product","3":"status-publish","4":"has-post-thumbnail","6":"product_cat-non-classe","8":"first","9":"instock","10":"virtual","11":"purchasable","12":"product-type-simple"},"yoast_head":"<!-- This site is optimized with the Yoast SEO plugin v27.4 - https:\/\/yoast.com\/product\/yoast-seo-wordpress\/ -->\n<title>Concours \u00e0 distance (1 jour) - Ludivine No\u00ebl - Communication animale<\/title>\n<meta name=\"robots\" content=\"index, follow, max-snippet:-1, max-image-preview:large, max-video-preview:-1\" \/>\n<link rel=\"canonical\" href=\"https:\/\/ludivinecommunicationanimale.com\/en\/product\/concours-a-distance-1-jour\/\" \/>\n<meta property=\"og:locale\" content=\"en_GB\" \/>\n<meta property=\"og:type\" content=\"article\" \/>\n<meta property=\"og:title\" content=\"Concours \u00e0 distance (1 jour) - Ludivine No\u00ebl - Communication animale\" \/>\n<meta property=\"og:description\" content=\"Cette prestation inclut plusieurs communications adapt\u00e9es \u00e0 la pr\u00e9paration et au suivi de concours :   \u00a0La veille du concours  Le jour m\u00eame, y compris apr\u00e8s votre tour, pour analyser son comportement ou le rassurer.  Elle est valable pour une journ\u00e9e de concours.  Une fois la prestation choisie et r\u00e9gl\u00e9e via le site internet, merci de me contacter par SMS ou Whatsapp au 0676107994 pour m\u2019envoyer les informations n\u00e9cessaires (pr\u00e9nom de l\u2019animal, photo et d\u00e9tails) et la date du concours.  \u26a0\ufe0f\u00a0AUCUN REMBOURSEMENT NE SERA EFFECTU\u00c9 :    EN CAS D\u2019ANNULATION DE VOTRE PART  EN CAS D\u2019INSATISFACTION SUITE AU COMPTE RENDU\" \/>\n<meta property=\"og:url\" content=\"https:\/\/ludivinecommunicationanimale.com\/en\/product\/concours-a-distance-1-jour\/\" \/>\n<meta property=\"og:site_name\" content=\"Ludivine No\u00ebl - Communication animale\" \/>\n<meta property=\"article:modified_time\" content=\"2025-12-06T14:51:42+00:00\" \/>\n<meta property=\"og:image\" content=\"https:\/\/ludivinecommunicationanimale.com\/wp-content\/uploads\/2023\/10\/IMG_6368.jpg\" \/>\n\t<meta property=\"og:image:width\" content=\"2048\" \/>\n\t<meta property=\"og:image:height\" content=\"2048\" \/>\n\t<meta property=\"og:image:type\" content=\"image\/jpeg\" \/>\n<meta name=\"twitter:card\" content=\"summary_large_image\" \/>\n<meta name=\"twitter:label1\" content=\"Estimated reading time\" \/>\n\t<meta name=\"twitter:data1\" content=\"1 minute\" \/>\n<script type=\"application\/ld+json\" class=\"yoast-schema-graph\">{\"@context\":\"https:\\\/\\\/schema.org\",\"@graph\":[{\"@type\":\"WebPage\",\"@id\":\"https:\\\/\\\/ludivinecommunicationanimale.com\\\/produit\\\/concours-a-distance-1-jour\\\/\",\"url\":\"https:\\\/\\\/ludivinecommunicationanimale.com\\\/produit\\\/concours-a-distance-1-jour\\\/\",\"name\":\"Concours \u00e0 distance (1 jour) - Ludivine No\u00ebl - Communication animale\",\"isPartOf\":{\"@id\":\"https:\\\/\\\/ludivinecommunicationanimale.com\\\/#website\"},\"primaryImageOfPage\":{\"@id\":\"https:\\\/\\\/ludivinecommunicationanimale.com\\\/produit\\\/concours-a-distance-1-jour\\\/#primaryimage\"},\"image\":{\"@id\":\"https:\\\/\\\/ludivinecommunicationanimale.com\\\/produit\\\/concours-a-distance-1-jour\\\/#primaryimage\"},\"thumbnailUrl\":\"https:\\\/\\\/ludivinecommunicationanimale.com\\\/wp-content\\\/uploads\\\/2023\\\/10\\\/IMG_6368.jpg\",\"datePublished\":\"2023-10-01T20:38:58+00:00\",\"dateModified\":\"2025-12-06T14:51:42+00:00\",\"breadcrumb\":{\"@id\":\"https:\\\/\\\/ludivinecommunicationanimale.com\\\/produit\\\/concours-a-distance-1-jour\\\/#breadcrumb\"},\"inLanguage\":\"en-GB\",\"potentialAction\":[{\"@type\":\"ReadAction\",\"target\":[\"https:\\\/\\\/ludivinecommunicationanimale.com\\\/produit\\\/concours-a-distance-1-jour\\\/\"]}]},{\"@type\":\"ImageObject\",\"inLanguage\":\"en-GB\",\"@id\":\"https:\\\/\\\/ludivinecommunicationanimale.com\\\/produit\\\/concours-a-distance-1-jour\\\/#primaryimage\",\"url\":\"https:\\\/\\\/ludivinecommunicationanimale.com\\\/wp-content\\\/uploads\\\/2023\\\/10\\\/IMG_6368.jpg\",\"contentUrl\":\"https:\\\/\\\/ludivinecommunicationanimale.com\\\/wp-content\\\/uploads\\\/2023\\\/10\\\/IMG_6368.jpg\",\"width\":2048,\"height\":2048},{\"@type\":\"BreadcrumbList\",\"@id\":\"https:\\\/\\\/ludivinecommunicationanimale.com\\\/produit\\\/concours-a-distance-1-jour\\\/#breadcrumb\",\"itemListElement\":[{\"@type\":\"ListItem\",\"position\":1,\"name\":\"Accueil\",\"item\":\"https:\\\/\\\/ludivinecommunicationanimale.com\\\/\"},{\"@type\":\"ListItem\",\"position\":2,\"name\":\"R\u00e9servation\",\"item\":\"https:\\\/\\\/ludivinecommunicationanimale.com\\\/reservation\\\/\"},{\"@type\":\"ListItem\",\"position\":3,\"name\":\"Concours \u00e0 distance (1 jour)\"}]},{\"@type\":\"WebSite\",\"@id\":\"https:\\\/\\\/ludivinecommunicationanimale.com\\\/#website\",\"url\":\"https:\\\/\\\/ludivinecommunicationanimale.com\\\/\",\"name\":\"Ludivine No\u00ebl - Communication animale\",\"description\":\"La communication animale pour tous vos animaux\",\"publisher\":{\"@id\":\"https:\\\/\\\/ludivinecommunicationanimale.com\\\/#organization\"},\"potentialAction\":[{\"@type\":\"SearchAction\",\"target\":{\"@type\":\"EntryPoint\",\"urlTemplate\":\"https:\\\/\\\/ludivinecommunicationanimale.com\\\/?s={search_term_string}\"},\"query-input\":{\"@type\":\"PropertyValueSpecification\",\"valueRequired\":true,\"valueName\":\"search_term_string\"}}],\"inLanguage\":\"en-GB\"},{\"@type\":\"Organization\",\"@id\":\"https:\\\/\\\/ludivinecommunicationanimale.com\\\/#organization\",\"name\":\"Ludivine No\u00ebl - Communication animale\",\"url\":\"https:\\\/\\\/ludivinecommunicationanimale.com\\\/\",\"logo\":{\"@type\":\"ImageObject\",\"inLanguage\":\"en-GB\",\"@id\":\"https:\\\/\\\/ludivinecommunicationanimale.com\\\/#\\\/schema\\\/logo\\\/image\\\/\",\"url\":\"https:\\\/\\\/ludivinecommunicationanimale.com\\\/wp-content\\\/uploads\\\/2023\\\/09\\\/290783785_493191162606064_4308004585059760608_n.png\",\"contentUrl\":\"https:\\\/\\\/ludivinecommunicationanimale.com\\\/wp-content\\\/uploads\\\/2023\\\/09\\\/290783785_493191162606064_4308004585059760608_n.png\",\"width\":2048,\"height\":1467,\"caption\":\"Ludivine No\u00ebl - Communication animale\"},\"image\":{\"@id\":\"https:\\\/\\\/ludivinecommunicationanimale.com\\\/#\\\/schema\\\/logo\\\/image\\\/\"}}]}<\/script>\n<!-- \/ Yoast SEO plugin. -->","yoast_head_json":{"title":"Concours \u00e0 distance (1 jour) - Ludivine No\u00ebl - Communication animale","robots":{"index":"index","follow":"follow","max-snippet":"max-snippet:-1","max-image-preview":"max-image-preview:large","max-video-preview":"max-video-preview:-1"},"canonical":"https:\/\/ludivinecommunicationanimale.com\/en\/product\/concours-a-distance-1-jour\/","og_locale":"en_GB","og_type":"article","og_title":"Concours \u00e0 distance (1 jour) - Ludivine No\u00ebl - Communication animale","og_description":"Cette prestation inclut plusieurs communications adapt\u00e9es \u00e0 la pr\u00e9paration et au suivi de concours :   \u00a0La veille du concours  Le jour m\u00eame, y compris apr\u00e8s votre tour, pour analyser son comportement ou le rassurer.  Elle est valable pour une journ\u00e9e de concours.  Une fois la prestation choisie et r\u00e9gl\u00e9e via le site internet, merci de me contacter par SMS ou Whatsapp au 0676107994 pour m\u2019envoyer les informations n\u00e9cessaires (pr\u00e9nom de l\u2019animal, photo et d\u00e9tails) et la date du concours.  \u26a0\ufe0f\u00a0AUCUN REMBOURSEMENT NE SERA EFFECTU\u00c9 :    EN CAS D\u2019ANNULATION DE VOTRE PART  EN CAS D\u2019INSATISFACTION SUITE AU COMPTE RENDU","og_url":"https:\/\/ludivinecommunicationanimale.com\/en\/product\/concours-a-distance-1-jour\/","og_site_name":"Ludivine No\u00ebl - Communication animale","article_modified_time":"2025-12-06T14:51:42+00:00","og_image":[{"width":2048,"height":2048,"url":"https:\/\/ludivinecommunicationanimale.com\/wp-content\/uploads\/2023\/10\/IMG_6368.jpg","type":"image\/jpeg"}],"twitter_card":"summary_large_image","twitter_misc":{"Estimated reading time":"1 minute"},"schema":{"@context":"https:\/\/schema.org","@graph":[{"@type":"WebPage","@id":"https:\/\/ludivinecommunicationanimale.com\/produit\/concours-a-distance-1-jour\/","url":"https:\/\/ludivinecommunicationanimale.com\/produit\/concours-a-distance-1-jour\/","name":"Concours \u00e0 distance (1 jour) - Ludivine No\u00ebl - Communication animale","isPartOf":{"@id":"https:\/\/ludivinecommunicationanimale.com\/#website"},"primaryImageOfPage":{"@id":"https:\/\/ludivinecommunicationanimale.com\/produit\/concours-a-distance-1-jour\/#primaryimage"},"image":{"@id":"https:\/\/ludivinecommunicationanimale.com\/produit\/concours-a-distance-1-jour\/#primaryimage"},"thumbnailUrl":"https:\/\/ludivinecommunicationanimale.com\/wp-content\/uploads\/2023\/10\/IMG_6368.jpg","datePublished":"2023-10-01T20:38:58+00:00","dateModified":"2025-12-06T14:51:42+00:00","breadcrumb":{"@id":"https:\/\/ludivinecommunicationanimale.com\/produit\/concours-a-distance-1-jour\/#breadcrumb"},"inLanguage":"en-GB","potentialAction":[{"@type":"ReadAction","target":["https:\/\/ludivinecommunicationanimale.com\/produit\/concours-a-distance-1-jour\/"]}]},{"@type":"ImageObject","inLanguage":"en-GB","@id":"https:\/\/ludivinecommunicationanimale.com\/produit\/concours-a-distance-1-jour\/#primaryimage","url":"https:\/\/ludivinecommunicationanimale.com\/wp-content\/uploads\/2023\/10\/IMG_6368.jpg","contentUrl":"https:\/\/ludivinecommunicationanimale.com\/wp-content\/uploads\/2023\/10\/IMG_6368.jpg","width":2048,"height":2048},{"@type":"BreadcrumbList","@id":"https:\/\/ludivinecommunicationanimale.com\/produit\/concours-a-distance-1-jour\/#breadcrumb","itemListElement":[{"@type":"ListItem","position":1,"name":"Accueil","item":"https:\/\/ludivinecommunicationanimale.com\/"},{"@type":"ListItem","position":2,"name":"R\u00e9servation","item":"https:\/\/ludivinecommunicationanimale.com\/reservation\/"},{"@type":"ListItem","position":3,"name":"Concours \u00e0 distance (1 jour)"}]},{"@type":"WebSite","@id":"https:\/\/ludivinecommunicationanimale.com\/#website","url":"https:\/\/ludivinecommunicationanimale.com\/","name":"Ludivine No\u00ebl - Communication animale","description":"La communication animale pour tous vos animaux","publisher":{"@id":"https:\/\/ludivinecommunicationanimale.com\/#organization"},"potentialAction":[{"@type":"SearchAction","target":{"@type":"EntryPoint","urlTemplate":"https:\/\/ludivinecommunicationanimale.com\/?s={search_term_string}"},"query-input":{"@type":"PropertyValueSpecification","valueRequired":true,"valueName":"search_term_string"}}],"inLanguage":"en-GB"},{"@type":"Organization","@id":"https:\/\/ludivinecommunicationanimale.com\/#organization","name":"Ludivine No\u00ebl - Communication animale","url":"https:\/\/ludivinecommunicationanimale.com\/","logo":{"@type":"ImageObject","inLanguage":"en-GB","@id":"https:\/\/ludivinecommunicationanimale.com\/#\/schema\/logo\/image\/","url":"https:\/\/ludivinecommunicationanimale.com\/wp-content\/uploads\/2023\/09\/290783785_493191162606064_4308004585059760608_n.png","contentUrl":"https:\/\/ludivinecommunicationanimale.com\/wp-content\/uploads\/2023\/09\/290783785_493191162606064_4308004585059760608_n.png","width":2048,"height":1467,"caption":"Ludivine No\u00ebl - Communication animale"},"image":{"@id":"https:\/\/ludivinecommunicationanimale.com\/#\/schema\/logo\/image\/"}}]}},"_links":{"self":[{"href":"https:\/\/ludivinecommunicationanimale.com\/en\/wp-json\/wp\/v2\/product\/282","targetHints":{"allow":["GET"]}}],"collection":[{"href":"https:\/\/ludivinecommunicationanimale.com\/en\/wp-json\/wp\/v2\/product"}],"about":[{"href":"https:\/\/ludivinecommunicationanimale.com\/en\/wp-json\/wp\/v2\/types\/product"}],"wp:featuredmedia":[{"embeddable":true,"href":"https:\/\/ludivinecommunicationanimale.com\/en\/wp-json\/wp\/v2\/media\/2032"}],"wp:attachment":[{"href":"https:\/\/ludivinecommunicationanimale.com\/en\/wp-json\/wp\/v2\/media?parent=282"}],"wp:term":[{"taxonomy":"product_brand","embeddable":true,"href":"https:\/\/ludivinecommunicationanimale.com\/en\/wp-json\/wp\/v2\/product_brand?post=282"},{"taxonomy":"product_cat","embeddable":true,"href":"https:\/\/ludivinecommunicationanimale.com\/en\/wp-json\/wp\/v2\/product_cat?post=282"},{"taxonomy":"product_tag","embeddable":true,"href":"https:\/\/ludivinecommunicationanimale.com\/en\/wp-json\/wp\/v2\/product_tag?post=282"}],"curies":[{"name":"wp","href":"https:\/\/api.w.org\/{rel}","templated":true}]}}