{"id":286,"date":"2023-10-01T22:43:00","date_gmt":"2023-10-01T20:43:00","guid":{"rendered":"http:\/\/ludivii.cluster028.hosting.ovh.net\/?post_type=product&#038;p=286"},"modified":"2025-12-06T15:47:08","modified_gmt":"2025-12-06T14:47:08","slug":"la-mort","status":"publish","type":"product","link":"https:\/\/ludivinecommunicationanimale.com\/en\/product\/la-mort\/","title":{"rendered":"Death"},"content":{"rendered":"<p class=\"font_9 wixui-rich-text__text\"><span class=\"wixui-rich-text__text\"><span class=\"color_15 wixui-rich-text__text\">Avec la communication animale, nous avons la capacit\u00e9 de\u00a0<strong>parler avec les animaux d\u00e9c\u00e9d\u00e9s<\/strong>, pour vous aider \u00e0 faire votre deuil ou \u00e0 lui fait passer un message. Cela se fait<strong>\u00a0\u00e0 distance avec une photo<\/strong>\u00a0de votre animal et son pr\u00e9nom.<\/span><\/span><\/p>\n<p class=\"font_9 wixui-rich-text__text\"><span class=\"wixui-rich-text__text\"><span class=\"color_15 wixui-rich-text__text\">Par contre, la communication animale<strong> peut se faire \u00e0 partir de 6 mois apr\u00e8s son d\u00e9c\u00e8s.<\/strong><\/span><\/span><\/p>\n<p>Une fois la prestation choisie et r\u00e9gl\u00e9e via le site internet, je vous contacterais par mail pour r\u00e9cup\u00e9rer les informations dont j&rsquo;ai besoin (pr\u00e9nom de l&rsquo;animal, informations et photo) ainsi que pour convenir de la date de la prestation.<\/p>","protected":false},"excerpt":{"rendered":"<p>Gr\u00e2ce \u00e0 la communication animale, il est possible d&rsquo;entrer en contact avec un animal d\u00e9c\u00e9d\u00e9 afin de vous aider dans votre deuil ou de lui transmettre un message. Cette communication se r\u00e9alise \u00e0 distance, \u00e0 partir d\u2019une photo et de son pr\u00e9nom.<\/p>\n<p><span class=\"wixui-rich-text__text\"><span class=\"color_15 wixui-rich-text__text\">Par contre, la communication animale<strong> peut se faire \u00e0 partir de 6 mois apr\u00e8s son d\u00e9c\u00e8s.<\/strong><\/span><\/span><\/p>\n<p>Une fois votre prestation choisie et r\u00e9gl\u00e9e sur le site, je vous contacterai par e-mail afin de recueillir les informations n\u00e9cessaires (pr\u00e9nom de l\u2019animal, d\u00e9tails et photo) et de convenir d&rsquo;une date pour la s\u00e9ance.<\/p>\n<p>\u26a0\ufe0f\u00a0<strong>AUCUN REMBOURSEMENT NE SERA EFFECTU\u00c9 : <\/strong><\/p>\n<ul>\n<li><strong>EN CAS D\u2019ANNULATION DE VOTRE PART<\/strong><\/li>\n<li><strong>EN CAS D\u2019INSATISFACTION SUITE AU COMPTE RENDU<\/strong><\/li>\n<\/ul>","protected":false},"featured_media":2033,"template":"","meta":[],"product_brand":[],"product_cat":[18],"product_tag":[],"class_list":{"0":"post-286","1":"product","2":"type-product","3":"status-publish","4":"has-post-thumbnail","6":"product_cat-non-classe","8":"first","9":"instock","10":"virtual","11":"purchasable","12":"product-type-simple"},"yoast_head":"<!-- This site is optimized with the Yoast SEO plugin v27.4 - https:\/\/yoast.com\/product\/yoast-seo-wordpress\/ -->\n<title>La mort - Ludivine No\u00ebl - Communication animale<\/title>\n<meta name=\"robots\" content=\"index, follow, max-snippet:-1, max-image-preview:large, max-video-preview:-1\" \/>\n<link rel=\"canonical\" href=\"https:\/\/ludivinecommunicationanimale.com\/en\/product\/la-mort\/\" \/>\n<meta property=\"og:locale\" content=\"en_GB\" \/>\n<meta property=\"og:type\" content=\"article\" \/>\n<meta property=\"og:title\" content=\"La mort - Ludivine No\u00ebl - Communication animale\" \/>\n<meta property=\"og:description\" content=\"Gr\u00e2ce \u00e0 la communication animale, il est possible d&#039;entrer en contact avec un animal d\u00e9c\u00e9d\u00e9 afin de vous aider dans votre deuil ou de lui transmettre un message. Cette communication se r\u00e9alise \u00e0 distance, \u00e0 partir d\u2019une photo et de son pr\u00e9nom.  Par contre, la communication animale peut se faire \u00e0 partir de 6 mois apr\u00e8s son d\u00e9c\u00e8s.  Une fois votre prestation choisie et r\u00e9gl\u00e9e sur le site, je vous contacterai par e-mail afin de recueillir les informations n\u00e9cessaires (pr\u00e9nom de l\u2019animal, d\u00e9tails et photo) et de convenir d&#039;une date pour la s\u00e9ance.  \u26a0\ufe0f\u00a0AUCUN REMBOURSEMENT NE SERA EFFECTU\u00c9 :    EN CAS D\u2019ANNULATION DE VOTRE PART  EN CAS D\u2019INSATISFACTION SUITE AU COMPTE RENDU\" \/>\n<meta property=\"og:url\" content=\"https:\/\/ludivinecommunicationanimale.com\/en\/product\/la-mort\/\" \/>\n<meta property=\"og:site_name\" content=\"Ludivine No\u00ebl - Communication animale\" \/>\n<meta property=\"article:modified_time\" content=\"2025-12-06T14:47:08+00:00\" \/>\n<meta property=\"og:image\" content=\"https:\/\/ludivinecommunicationanimale.com\/wp-content\/uploads\/2023\/10\/IMG_7805.jpg\" \/>\n\t<meta property=\"og:image:width\" content=\"2048\" \/>\n\t<meta property=\"og:image:height\" content=\"2048\" \/>\n\t<meta property=\"og:image:type\" content=\"image\/jpeg\" \/>\n<meta name=\"twitter:card\" content=\"summary_large_image\" \/>\n<meta name=\"twitter:label1\" content=\"Estimated reading time\" \/>\n\t<meta name=\"twitter:data1\" content=\"1 minute\" \/>\n<script type=\"application\/ld+json\" class=\"yoast-schema-graph\">{\"@context\":\"https:\\\/\\\/schema.org\",\"@graph\":[{\"@type\":\"WebPage\",\"@id\":\"https:\\\/\\\/ludivinecommunicationanimale.com\\\/produit\\\/la-mort\\\/\",\"url\":\"https:\\\/\\\/ludivinecommunicationanimale.com\\\/produit\\\/la-mort\\\/\",\"name\":\"La mort - Ludivine No\u00ebl - Communication animale\",\"isPartOf\":{\"@id\":\"https:\\\/\\\/ludivinecommunicationanimale.com\\\/#website\"},\"primaryImageOfPage\":{\"@id\":\"https:\\\/\\\/ludivinecommunicationanimale.com\\\/produit\\\/la-mort\\\/#primaryimage\"},\"image\":{\"@id\":\"https:\\\/\\\/ludivinecommunicationanimale.com\\\/produit\\\/la-mort\\\/#primaryimage\"},\"thumbnailUrl\":\"https:\\\/\\\/ludivinecommunicationanimale.com\\\/wp-content\\\/uploads\\\/2023\\\/10\\\/IMG_7805.jpg\",\"datePublished\":\"2023-10-01T20:43:00+00:00\",\"dateModified\":\"2025-12-06T14:47:08+00:00\",\"breadcrumb\":{\"@id\":\"https:\\\/\\\/ludivinecommunicationanimale.com\\\/produit\\\/la-mort\\\/#breadcrumb\"},\"inLanguage\":\"en-GB\",\"potentialAction\":[{\"@type\":\"ReadAction\",\"target\":[\"https:\\\/\\\/ludivinecommunicationanimale.com\\\/produit\\\/la-mort\\\/\"]}]},{\"@type\":\"ImageObject\",\"inLanguage\":\"en-GB\",\"@id\":\"https:\\\/\\\/ludivinecommunicationanimale.com\\\/produit\\\/la-mort\\\/#primaryimage\",\"url\":\"https:\\\/\\\/ludivinecommunicationanimale.com\\\/wp-content\\\/uploads\\\/2023\\\/10\\\/IMG_7805.jpg\",\"contentUrl\":\"https:\\\/\\\/ludivinecommunicationanimale.com\\\/wp-content\\\/uploads\\\/2023\\\/10\\\/IMG_7805.jpg\",\"width\":2048,\"height\":2048},{\"@type\":\"BreadcrumbList\",\"@id\":\"https:\\\/\\\/ludivinecommunicationanimale.com\\\/produit\\\/la-mort\\\/#breadcrumb\",\"itemListElement\":[{\"@type\":\"ListItem\",\"position\":1,\"name\":\"Accueil\",\"item\":\"https:\\\/\\\/ludivinecommunicationanimale.com\\\/\"},{\"@type\":\"ListItem\",\"position\":2,\"name\":\"R\u00e9servation\",\"item\":\"https:\\\/\\\/ludivinecommunicationanimale.com\\\/reservation\\\/\"},{\"@type\":\"ListItem\",\"position\":3,\"name\":\"La mort\"}]},{\"@type\":\"WebSite\",\"@id\":\"https:\\\/\\\/ludivinecommunicationanimale.com\\\/#website\",\"url\":\"https:\\\/\\\/ludivinecommunicationanimale.com\\\/\",\"name\":\"Ludivine No\u00ebl - Communication animale\",\"description\":\"La communication animale pour tous vos animaux\",\"publisher\":{\"@id\":\"https:\\\/\\\/ludivinecommunicationanimale.com\\\/#organization\"},\"potentialAction\":[{\"@type\":\"SearchAction\",\"target\":{\"@type\":\"EntryPoint\",\"urlTemplate\":\"https:\\\/\\\/ludivinecommunicationanimale.com\\\/?s={search_term_string}\"},\"query-input\":{\"@type\":\"PropertyValueSpecification\",\"valueRequired\":true,\"valueName\":\"search_term_string\"}}],\"inLanguage\":\"en-GB\"},{\"@type\":\"Organization\",\"@id\":\"https:\\\/\\\/ludivinecommunicationanimale.com\\\/#organization\",\"name\":\"Ludivine No\u00ebl - Communication animale\",\"url\":\"https:\\\/\\\/ludivinecommunicationanimale.com\\\/\",\"logo\":{\"@type\":\"ImageObject\",\"inLanguage\":\"en-GB\",\"@id\":\"https:\\\/\\\/ludivinecommunicationanimale.com\\\/#\\\/schema\\\/logo\\\/image\\\/\",\"url\":\"https:\\\/\\\/ludivinecommunicationanimale.com\\\/wp-content\\\/uploads\\\/2023\\\/09\\\/290783785_493191162606064_4308004585059760608_n.png\",\"contentUrl\":\"https:\\\/\\\/ludivinecommunicationanimale.com\\\/wp-content\\\/uploads\\\/2023\\\/09\\\/290783785_493191162606064_4308004585059760608_n.png\",\"width\":2048,\"height\":1467,\"caption\":\"Ludivine No\u00ebl - Communication animale\"},\"image\":{\"@id\":\"https:\\\/\\\/ludivinecommunicationanimale.com\\\/#\\\/schema\\\/logo\\\/image\\\/\"}}]}<\/script>\n<!-- \/ Yoast SEO plugin. -->","yoast_head_json":{"title":"La mort - Ludivine No\u00ebl - Communication animale","robots":{"index":"index","follow":"follow","max-snippet":"max-snippet:-1","max-image-preview":"max-image-preview:large","max-video-preview":"max-video-preview:-1"},"canonical":"https:\/\/ludivinecommunicationanimale.com\/en\/product\/la-mort\/","og_locale":"en_GB","og_type":"article","og_title":"La mort - Ludivine No\u00ebl - Communication animale","og_description":"Gr\u00e2ce \u00e0 la communication animale, il est possible d'entrer en contact avec un animal d\u00e9c\u00e9d\u00e9 afin de vous aider dans votre deuil ou de lui transmettre un message. Cette communication se r\u00e9alise \u00e0 distance, \u00e0 partir d\u2019une photo et de son pr\u00e9nom.  Par contre, la communication animale peut se faire \u00e0 partir de 6 mois apr\u00e8s son d\u00e9c\u00e8s.  Une fois votre prestation choisie et r\u00e9gl\u00e9e sur le site, je vous contacterai par e-mail afin de recueillir les informations n\u00e9cessaires (pr\u00e9nom de l\u2019animal, d\u00e9tails et photo) et de convenir d'une date pour la s\u00e9ance.  \u26a0\ufe0f\u00a0AUCUN REMBOURSEMENT NE SERA EFFECTU\u00c9 :    EN CAS D\u2019ANNULATION DE VOTRE PART  EN CAS D\u2019INSATISFACTION SUITE AU COMPTE RENDU","og_url":"https:\/\/ludivinecommunicationanimale.com\/en\/product\/la-mort\/","og_site_name":"Ludivine No\u00ebl - Communication animale","article_modified_time":"2025-12-06T14:47:08+00:00","og_image":[{"width":2048,"height":2048,"url":"https:\/\/ludivinecommunicationanimale.com\/wp-content\/uploads\/2023\/10\/IMG_7805.jpg","type":"image\/jpeg"}],"twitter_card":"summary_large_image","twitter_misc":{"Estimated reading time":"1 minute"},"schema":{"@context":"https:\/\/schema.org","@graph":[{"@type":"WebPage","@id":"https:\/\/ludivinecommunicationanimale.com\/produit\/la-mort\/","url":"https:\/\/ludivinecommunicationanimale.com\/produit\/la-mort\/","name":"La mort - Ludivine No\u00ebl - Communication animale","isPartOf":{"@id":"https:\/\/ludivinecommunicationanimale.com\/#website"},"primaryImageOfPage":{"@id":"https:\/\/ludivinecommunicationanimale.com\/produit\/la-mort\/#primaryimage"},"image":{"@id":"https:\/\/ludivinecommunicationanimale.com\/produit\/la-mort\/#primaryimage"},"thumbnailUrl":"https:\/\/ludivinecommunicationanimale.com\/wp-content\/uploads\/2023\/10\/IMG_7805.jpg","datePublished":"2023-10-01T20:43:00+00:00","dateModified":"2025-12-06T14:47:08+00:00","breadcrumb":{"@id":"https:\/\/ludivinecommunicationanimale.com\/produit\/la-mort\/#breadcrumb"},"inLanguage":"en-GB","potentialAction":[{"@type":"ReadAction","target":["https:\/\/ludivinecommunicationanimale.com\/produit\/la-mort\/"]}]},{"@type":"ImageObject","inLanguage":"en-GB","@id":"https:\/\/ludivinecommunicationanimale.com\/produit\/la-mort\/#primaryimage","url":"https:\/\/ludivinecommunicationanimale.com\/wp-content\/uploads\/2023\/10\/IMG_7805.jpg","contentUrl":"https:\/\/ludivinecommunicationanimale.com\/wp-content\/uploads\/2023\/10\/IMG_7805.jpg","width":2048,"height":2048},{"@type":"BreadcrumbList","@id":"https:\/\/ludivinecommunicationanimale.com\/produit\/la-mort\/#breadcrumb","itemListElement":[{"@type":"ListItem","position":1,"name":"Accueil","item":"https:\/\/ludivinecommunicationanimale.com\/"},{"@type":"ListItem","position":2,"name":"R\u00e9servation","item":"https:\/\/ludivinecommunicationanimale.com\/reservation\/"},{"@type":"ListItem","position":3,"name":"La mort"}]},{"@type":"WebSite","@id":"https:\/\/ludivinecommunicationanimale.com\/#website","url":"https:\/\/ludivinecommunicationanimale.com\/","name":"Ludivine No\u00ebl - Communication animale","description":"La communication animale pour tous vos animaux","publisher":{"@id":"https:\/\/ludivinecommunicationanimale.com\/#organization"},"potentialAction":[{"@type":"SearchAction","target":{"@type":"EntryPoint","urlTemplate":"https:\/\/ludivinecommunicationanimale.com\/?s={search_term_string}"},"query-input":{"@type":"PropertyValueSpecification","valueRequired":true,"valueName":"search_term_string"}}],"inLanguage":"en-GB"},{"@type":"Organization","@id":"https:\/\/ludivinecommunicationanimale.com\/#organization","name":"Ludivine No\u00ebl - Communication animale","url":"https:\/\/ludivinecommunicationanimale.com\/","logo":{"@type":"ImageObject","inLanguage":"en-GB","@id":"https:\/\/ludivinecommunicationanimale.com\/#\/schema\/logo\/image\/","url":"https:\/\/ludivinecommunicationanimale.com\/wp-content\/uploads\/2023\/09\/290783785_493191162606064_4308004585059760608_n.png","contentUrl":"https:\/\/ludivinecommunicationanimale.com\/wp-content\/uploads\/2023\/09\/290783785_493191162606064_4308004585059760608_n.png","width":2048,"height":1467,"caption":"Ludivine No\u00ebl - Communication animale"},"image":{"@id":"https:\/\/ludivinecommunicationanimale.com\/#\/schema\/logo\/image\/"}}]}},"_links":{"self":[{"href":"https:\/\/ludivinecommunicationanimale.com\/en\/wp-json\/wp\/v2\/product\/286","targetHints":{"allow":["GET"]}}],"collection":[{"href":"https:\/\/ludivinecommunicationanimale.com\/en\/wp-json\/wp\/v2\/product"}],"about":[{"href":"https:\/\/ludivinecommunicationanimale.com\/en\/wp-json\/wp\/v2\/types\/product"}],"wp:featuredmedia":[{"embeddable":true,"href":"https:\/\/ludivinecommunicationanimale.com\/en\/wp-json\/wp\/v2\/media\/2033"}],"wp:attachment":[{"href":"https:\/\/ludivinecommunicationanimale.com\/en\/wp-json\/wp\/v2\/media?parent=286"}],"wp:term":[{"taxonomy":"product_brand","embeddable":true,"href":"https:\/\/ludivinecommunicationanimale.com\/en\/wp-json\/wp\/v2\/product_brand?post=286"},{"taxonomy":"product_cat","embeddable":true,"href":"https:\/\/ludivinecommunicationanimale.com\/en\/wp-json\/wp\/v2\/product_cat?post=286"},{"taxonomy":"product_tag","embeddable":true,"href":"https:\/\/ludivinecommunicationanimale.com\/en\/wp-json\/wp\/v2\/product_tag?post=286"}],"curies":[{"name":"wp","href":"https:\/\/api.w.org\/{rel}","templated":true}]}}